{"id":2105,"date":"2023-12-17T12:05:07","date_gmt":"2023-12-17T10:05:07","guid":{"rendered":"https:\/\/rajatlapinkaivoksille.fi\/?page_id=2105"},"modified":"2025-08-06T15:20:33","modified_gmt":"2025-08-06T12:20:33","slug":"yhdistyksen-jasenia","status":"publish","type":"page","link":"https:\/\/rajatlapinkaivoksille.fi\/index.php\/yhdistyksen-jasenia\/","title":{"rendered":"Yhdistyksen j\u00e4seni\u00e4"},"content":{"rendered":"\t\t<div data-elementor-type=\"wp-page\" data-elementor-id=\"2105\" class=\"elementor elementor-2105\" data-elementor-post-type=\"page\">\n\t\t\t\t\t\t<section class=\"elementor-section elementor-top-section elementor-element elementor-element-bce7872 elementor-section-boxed elementor-section-height-default elementor-section-height-default\" data-id=\"bce7872\" data-element_type=\"section\" data-e-type=\"section\">\n\t\t\t\t\t\t<div class=\"elementor-container elementor-column-gap-default\">\n\t\t\t\t\t<div class=\"elementor-column elementor-col-100 elementor-top-column elementor-element elementor-element-628d64b\" data-id=\"628d64b\" data-element_type=\"column\" data-e-type=\"column\">\n\t\t\t<div class=\"elementor-widget-wrap elementor-element-populated\">\n\t\t\t\t\t\t<div class=\"elementor-element elementor-element-148f2fe elementor-widget elementor-widget-heading\" data-id=\"148f2fe\" data-element_type=\"widget\" data-e-type=\"widget\" data-widget_type=\"heading.default\">\n\t\t\t\t<div class=\"elementor-widget-container\">\n\t\t\t\t\t<h2 class=\"elementor-heading-title elementor-size-default\">YHDISTYKSEN J\u00c4SENI\u00c4<\/h2>\t\t\t\t<\/div>\n\t\t\t\t<\/div>\n\t\t\t\t\t<\/div>\n\t\t<\/div>\n\t\t\t\t\t<\/div>\n\t\t<\/section>\n\t\t\t\t<section class=\"elementor-section elementor-top-section elementor-element elementor-element-df8cf67 elementor-section-boxed elementor-section-height-default elementor-section-height-default\" data-id=\"df8cf67\" data-element_type=\"section\" data-e-type=\"section\">\n\t\t\t\t\t\t<div class=\"elementor-container elementor-column-gap-custom\">\n\t\t\t\t\t<div class=\"elementor-column elementor-col-50 elementor-top-column elementor-element elementor-element-7e19790\" data-id=\"7e19790\" data-element_type=\"column\" data-e-type=\"column\">\n\t\t\t<div class=\"elementor-widget-wrap elementor-element-populated\">\n\t\t\t\t\t\t<div class=\"elementor-element elementor-element-55cb97b e-transform elementor-position-top elementor-widget elementor-widget-image-box\" data-id=\"55cb97b\" data-element_type=\"widget\" data-e-type=\"widget\" data-settings=\"{&quot;_transform_translateX_effect&quot;:{&quot;unit&quot;:&quot;px&quot;,&quot;size&quot;:&quot;&quot;,&quot;sizes&quot;:[]},&quot;_transform_translateX_effect_tablet&quot;:{&quot;unit&quot;:&quot;px&quot;,&quot;size&quot;:&quot;&quot;,&quot;sizes&quot;:[]},&quot;_transform_translateX_effect_mobile&quot;:{&quot;unit&quot;:&quot;px&quot;,&quot;size&quot;:&quot;&quot;,&quot;sizes&quot;:[]},&quot;_transform_translateY_effect&quot;:{&quot;unit&quot;:&quot;px&quot;,&quot;size&quot;:&quot;&quot;,&quot;sizes&quot;:[]},&quot;_transform_translateY_effect_tablet&quot;:{&quot;unit&quot;:&quot;px&quot;,&quot;size&quot;:&quot;&quot;,&quot;sizes&quot;:[]},&quot;_transform_translateY_effect_mobile&quot;:{&quot;unit&quot;:&quot;px&quot;,&quot;size&quot;:&quot;&quot;,&quot;sizes&quot;:[]}}\" data-widget_type=\"image-box.default\">\n\t\t\t\t<div class=\"elementor-widget-container\">\n\t\t\t\t\t<div class=\"elementor-image-box-wrapper\"><figure class=\"elementor-image-box-img\"><img fetchpriority=\"high\" decoding=\"async\" width=\"600\" height=\"600\" src=\"https:\/\/rajatlapinkaivoksille.fi\/wp-content\/uploads\/2023\/12\/vesa_puuronen.jpg\" class=\"attachment-full size-full wp-image-2122\" alt=\"\" srcset=\"https:\/\/rajatlapinkaivoksille.fi\/wp-content\/uploads\/2023\/12\/vesa_puuronen.jpg 600w, https:\/\/rajatlapinkaivoksille.fi\/wp-content\/uploads\/2023\/12\/vesa_puuronen-300x300.jpg 300w, https:\/\/rajatlapinkaivoksille.fi\/wp-content\/uploads\/2023\/12\/vesa_puuronen-150x150.jpg 150w\" sizes=\"(max-width: 600px) 100vw, 600px\" \/><\/figure><div class=\"elementor-image-box-content\"><h3 class=\"elementor-image-box-title\">Vesa Puuronen<\/h3><p class=\"elementor-image-box-description\">Puheenjohtaja, sosiologian professori. Vanttauskoski. Rovaniemi\nS\u00e4hk\u00f6posti: vesa.puuronen@oulu.fi, puh. +358 50 3203434<\/p><\/div><\/div>\t\t\t\t<\/div>\n\t\t\t\t<\/div>\n\t\t\t\t\t<\/div>\n\t\t<\/div>\n\t\t\t\t<div class=\"elementor-column elementor-col-50 elementor-top-column elementor-element elementor-element-13a4fb1\" data-id=\"13a4fb1\" data-element_type=\"column\" data-e-type=\"column\">\n\t\t\t<div class=\"elementor-widget-wrap elementor-element-populated\">\n\t\t\t\t\t\t<div class=\"elementor-element elementor-element-81a4d83 e-transform elementor-position-top elementor-widget elementor-widget-image-box\" data-id=\"81a4d83\" data-element_type=\"widget\" data-e-type=\"widget\" data-settings=\"{&quot;_transform_translateX_effect&quot;:{&quot;unit&quot;:&quot;px&quot;,&quot;size&quot;:&quot;&quot;,&quot;sizes&quot;:[]},&quot;_transform_translateX_effect_tablet&quot;:{&quot;unit&quot;:&quot;px&quot;,&quot;size&quot;:&quot;&quot;,&quot;sizes&quot;:[]},&quot;_transform_translateX_effect_mobile&quot;:{&quot;unit&quot;:&quot;px&quot;,&quot;size&quot;:&quot;&quot;,&quot;sizes&quot;:[]},&quot;_transform_translateY_effect&quot;:{&quot;unit&quot;:&quot;px&quot;,&quot;size&quot;:&quot;&quot;,&quot;sizes&quot;:[]},&quot;_transform_translateY_effect_tablet&quot;:{&quot;unit&quot;:&quot;px&quot;,&quot;size&quot;:&quot;&quot;,&quot;sizes&quot;:[]},&quot;_transform_translateY_effect_mobile&quot;:{&quot;unit&quot;:&quot;px&quot;,&quot;size&quot;:&quot;&quot;,&quot;sizes&quot;:[]}}\" data-widget_type=\"image-box.default\">\n\t\t\t\t<div class=\"elementor-widget-container\">\n\t\t\t\t\t<div class=\"elementor-image-box-wrapper\"><figure class=\"elementor-image-box-img\"><img decoding=\"async\" width=\"600\" height=\"600\" src=\"https:\/\/rajatlapinkaivoksille.fi\/wp-content\/uploads\/2023\/12\/erkki_lof.jpg\" class=\"attachment-full size-full wp-image-2123\" alt=\"\" srcset=\"https:\/\/rajatlapinkaivoksille.fi\/wp-content\/uploads\/2023\/12\/erkki_lof.jpg 600w, https:\/\/rajatlapinkaivoksille.fi\/wp-content\/uploads\/2023\/12\/erkki_lof-300x300.jpg 300w, https:\/\/rajatlapinkaivoksille.fi\/wp-content\/uploads\/2023\/12\/erkki_lof-150x150.jpg 150w\" sizes=\"(max-width: 600px) 100vw, 600px\" \/><\/figure><div class=\"elementor-image-box-content\"><h3 class=\"elementor-image-box-title\">Erkki L\u00f6f<\/h3><p class=\"elementor-image-box-description\">Hallituksen j\u00e4sen, rahastonhoitaja. Rakennusmestari, Tervola.<br>S\u00e4hk\u00f6posti: erkkilof58@gmail.com, puh. 358 40 591 8690<\/p><\/div><\/div>\t\t\t\t<\/div>\n\t\t\t\t<\/div>\n\t\t\t\t\t<\/div>\n\t\t<\/div>\n\t\t\t\t\t<\/div>\n\t\t<\/section>\n\t\t\t\t<section class=\"elementor-section elementor-top-section elementor-element elementor-element-abdd33b elementor-section-boxed elementor-section-height-default elementor-section-height-default\" data-id=\"abdd33b\" data-element_type=\"section\" data-e-type=\"section\">\n\t\t\t\t\t\t<div class=\"elementor-container elementor-column-gap-default\">\n\t\t\t\t\t<div class=\"elementor-column elementor-col-50 elementor-top-column elementor-element elementor-element-34ade59\" data-id=\"34ade59\" data-element_type=\"column\" data-e-type=\"column\">\n\t\t\t<div class=\"elementor-widget-wrap elementor-element-populated\">\n\t\t\t\t\t\t<div class=\"elementor-element elementor-element-1108128 e-transform elementor-position-top elementor-widget elementor-widget-image-box\" data-id=\"1108128\" data-element_type=\"widget\" data-e-type=\"widget\" data-settings=\"{&quot;_transform_translateX_effect&quot;:{&quot;unit&quot;:&quot;px&quot;,&quot;size&quot;:&quot;&quot;,&quot;sizes&quot;:[]},&quot;_transform_translateX_effect_tablet&quot;:{&quot;unit&quot;:&quot;px&quot;,&quot;size&quot;:&quot;&quot;,&quot;sizes&quot;:[]},&quot;_transform_translateX_effect_mobile&quot;:{&quot;unit&quot;:&quot;px&quot;,&quot;size&quot;:&quot;&quot;,&quot;sizes&quot;:[]},&quot;_transform_translateY_effect&quot;:{&quot;unit&quot;:&quot;px&quot;,&quot;size&quot;:&quot;&quot;,&quot;sizes&quot;:[]},&quot;_transform_translateY_effect_tablet&quot;:{&quot;unit&quot;:&quot;px&quot;,&quot;size&quot;:&quot;&quot;,&quot;sizes&quot;:[]},&quot;_transform_translateY_effect_mobile&quot;:{&quot;unit&quot;:&quot;px&quot;,&quot;size&quot;:&quot;&quot;,&quot;sizes&quot;:[]}}\" data-widget_type=\"image-box.default\">\n\t\t\t\t<div class=\"elementor-widget-container\">\n\t\t\t\t\t<div class=\"elementor-image-box-wrapper\"><figure class=\"elementor-image-box-img\"><img decoding=\"async\" width=\"600\" height=\"600\" src=\"https:\/\/rajatlapinkaivoksille.fi\/wp-content\/uploads\/2023\/12\/anonyme.png\" class=\"attachment-full size-full wp-image-2108\" alt=\"\" srcset=\"https:\/\/rajatlapinkaivoksille.fi\/wp-content\/uploads\/2023\/12\/anonyme.png 600w, https:\/\/rajatlapinkaivoksille.fi\/wp-content\/uploads\/2023\/12\/anonyme-300x300.png 300w, https:\/\/rajatlapinkaivoksille.fi\/wp-content\/uploads\/2023\/12\/anonyme-150x150.png 150w\" sizes=\"(max-width: 600px) 100vw, 600px\" \/><\/figure><div class=\"elementor-image-box-content\"><h3 class=\"elementor-image-box-title\">Tarja richard<\/h3><p class=\"elementor-image-box-description\">Hallituksen j\u00e4sen. FT, Marseille, Ranska<\/p><\/div><\/div>\t\t\t\t<\/div>\n\t\t\t\t<\/div>\n\t\t\t\t\t<\/div>\n\t\t<\/div>\n\t\t\t\t<div class=\"elementor-column elementor-col-50 elementor-top-column elementor-element elementor-element-adb8de6\" data-id=\"adb8de6\" data-element_type=\"column\" data-e-type=\"column\">\n\t\t\t<div class=\"elementor-widget-wrap elementor-element-populated\">\n\t\t\t\t\t\t<div class=\"elementor-element elementor-element-80a9ee5 e-transform elementor-position-top elementor-widget elementor-widget-image-box\" data-id=\"80a9ee5\" data-element_type=\"widget\" data-e-type=\"widget\" data-settings=\"{&quot;_transform_translateX_effect&quot;:{&quot;unit&quot;:&quot;px&quot;,&quot;size&quot;:&quot;&quot;,&quot;sizes&quot;:[]},&quot;_transform_translateX_effect_tablet&quot;:{&quot;unit&quot;:&quot;px&quot;,&quot;size&quot;:&quot;&quot;,&quot;sizes&quot;:[]},&quot;_transform_translateX_effect_mobile&quot;:{&quot;unit&quot;:&quot;px&quot;,&quot;size&quot;:&quot;&quot;,&quot;sizes&quot;:[]},&quot;_transform_translateY_effect&quot;:{&quot;unit&quot;:&quot;px&quot;,&quot;size&quot;:&quot;&quot;,&quot;sizes&quot;:[]},&quot;_transform_translateY_effect_tablet&quot;:{&quot;unit&quot;:&quot;px&quot;,&quot;size&quot;:&quot;&quot;,&quot;sizes&quot;:[]},&quot;_transform_translateY_effect_mobile&quot;:{&quot;unit&quot;:&quot;px&quot;,&quot;size&quot;:&quot;&quot;,&quot;sizes&quot;:[]}}\" data-widget_type=\"image-box.default\">\n\t\t\t\t<div class=\"elementor-widget-container\">\n\t\t\t\t\t<div class=\"elementor-image-box-wrapper\"><figure class=\"elementor-image-box-img\"><img loading=\"lazy\" decoding=\"async\" width=\"600\" height=\"600\" src=\"https:\/\/rajatlapinkaivoksille.fi\/wp-content\/uploads\/2023\/12\/juhani_maijala.jpg\" class=\"attachment-full size-full wp-image-2109\" alt=\"\" srcset=\"https:\/\/rajatlapinkaivoksille.fi\/wp-content\/uploads\/2023\/12\/juhani_maijala.jpg 600w, https:\/\/rajatlapinkaivoksille.fi\/wp-content\/uploads\/2023\/12\/juhani_maijala-300x300.jpg 300w, https:\/\/rajatlapinkaivoksille.fi\/wp-content\/uploads\/2023\/12\/juhani_maijala-150x150.jpg 150w\" sizes=\"(max-width: 600px) 100vw, 600px\" \/><\/figure><div class=\"elementor-image-box-content\"><h3 class=\"elementor-image-box-title\">Juhani Maijala<\/h3><p class=\"elementor-image-box-description\">Hallituksen j\u00e4sen. Poromies, yritt\u00e4j\u00e4, Oraniemen paliskunta, Sodankyl\u00e4\n<\/p><\/div><\/div>\t\t\t\t<\/div>\n\t\t\t\t<\/div>\n\t\t\t\t\t<\/div>\n\t\t<\/div>\n\t\t\t\t\t<\/div>\n\t\t<\/section>\n\t\t\t\t<section class=\"elementor-section elementor-top-section elementor-element elementor-element-a4fa434 elementor-section-boxed elementor-section-height-default elementor-section-height-default\" data-id=\"a4fa434\" data-element_type=\"section\" data-e-type=\"section\">\n\t\t\t\t\t\t<div class=\"elementor-container elementor-column-gap-default\">\n\t\t\t\t\t<div class=\"elementor-column elementor-col-50 elementor-top-column elementor-element elementor-element-6a46d7a\" data-id=\"6a46d7a\" data-element_type=\"column\" data-e-type=\"column\">\n\t\t\t<div class=\"elementor-widget-wrap elementor-element-populated\">\n\t\t\t\t\t\t<div class=\"elementor-element elementor-element-c4cbf5c e-transform elementor-position-top elementor-widget elementor-widget-image-box\" data-id=\"c4cbf5c\" data-element_type=\"widget\" data-e-type=\"widget\" data-settings=\"{&quot;_transform_translateX_effect&quot;:{&quot;unit&quot;:&quot;px&quot;,&quot;size&quot;:&quot;&quot;,&quot;sizes&quot;:[]},&quot;_transform_translateX_effect_tablet&quot;:{&quot;unit&quot;:&quot;px&quot;,&quot;size&quot;:&quot;&quot;,&quot;sizes&quot;:[]},&quot;_transform_translateX_effect_mobile&quot;:{&quot;unit&quot;:&quot;px&quot;,&quot;size&quot;:&quot;&quot;,&quot;sizes&quot;:[]},&quot;_transform_translateY_effect&quot;:{&quot;unit&quot;:&quot;px&quot;,&quot;size&quot;:&quot;&quot;,&quot;sizes&quot;:[]},&quot;_transform_translateY_effect_tablet&quot;:{&quot;unit&quot;:&quot;px&quot;,&quot;size&quot;:&quot;&quot;,&quot;sizes&quot;:[]},&quot;_transform_translateY_effect_mobile&quot;:{&quot;unit&quot;:&quot;px&quot;,&quot;size&quot;:&quot;&quot;,&quot;sizes&quot;:[]}}\" data-widget_type=\"image-box.default\">\n\t\t\t\t<div class=\"elementor-widget-container\">\n\t\t\t\t\t<div class=\"elementor-image-box-wrapper\"><figure class=\"elementor-image-box-img\"><img loading=\"lazy\" decoding=\"async\" width=\"600\" height=\"600\" src=\"https:\/\/rajatlapinkaivoksille.fi\/wp-content\/uploads\/2023\/12\/minna_nakkalajarvi.jpg\" class=\"attachment-full size-full wp-image-2121\" alt=\"\" srcset=\"https:\/\/rajatlapinkaivoksille.fi\/wp-content\/uploads\/2023\/12\/minna_nakkalajarvi.jpg 600w, https:\/\/rajatlapinkaivoksille.fi\/wp-content\/uploads\/2023\/12\/minna_nakkalajarvi-300x300.jpg 300w, https:\/\/rajatlapinkaivoksille.fi\/wp-content\/uploads\/2023\/12\/minna_nakkalajarvi-150x150.jpg 150w\" sizes=\"(max-width: 600px) 100vw, 600px\" \/><\/figure><div class=\"elementor-image-box-content\"><h3 class=\"elementor-image-box-title\">Minna N\u00e4kk\u00e4l\u00e4j\u00e4rvi<\/h3><p class=\"elementor-image-box-description\">Yhdistyksen j\u00e4sen. Ei kaivoksia Suomen K\u00e4sivarteen -liike, Enonteki\u00f6<\/p><\/div><\/div>\t\t\t\t<\/div>\n\t\t\t\t<\/div>\n\t\t\t\t\t<\/div>\n\t\t<\/div>\n\t\t\t\t<div class=\"elementor-column elementor-col-50 elementor-top-column elementor-element elementor-element-9101c16\" data-id=\"9101c16\" data-element_type=\"column\" data-e-type=\"column\">\n\t\t\t<div class=\"elementor-widget-wrap elementor-element-populated\">\n\t\t\t\t\t\t<div class=\"elementor-element elementor-element-e63ccab e-transform elementor-position-top elementor-widget elementor-widget-image-box\" data-id=\"e63ccab\" data-element_type=\"widget\" data-e-type=\"widget\" data-settings=\"{&quot;_transform_translateX_effect&quot;:{&quot;unit&quot;:&quot;px&quot;,&quot;size&quot;:&quot;&quot;,&quot;sizes&quot;:[]},&quot;_transform_translateX_effect_tablet&quot;:{&quot;unit&quot;:&quot;px&quot;,&quot;size&quot;:&quot;&quot;,&quot;sizes&quot;:[]},&quot;_transform_translateX_effect_mobile&quot;:{&quot;unit&quot;:&quot;px&quot;,&quot;size&quot;:&quot;&quot;,&quot;sizes&quot;:[]},&quot;_transform_translateY_effect&quot;:{&quot;unit&quot;:&quot;px&quot;,&quot;size&quot;:&quot;&quot;,&quot;sizes&quot;:[]},&quot;_transform_translateY_effect_tablet&quot;:{&quot;unit&quot;:&quot;px&quot;,&quot;size&quot;:&quot;&quot;,&quot;sizes&quot;:[]},&quot;_transform_translateY_effect_mobile&quot;:{&quot;unit&quot;:&quot;px&quot;,&quot;size&quot;:&quot;&quot;,&quot;sizes&quot;:[]}}\" data-widget_type=\"image-box.default\">\n\t\t\t\t<div class=\"elementor-widget-container\">\n\t\t\t\t\t<div class=\"elementor-image-box-wrapper\"><figure class=\"elementor-image-box-img\"><img loading=\"lazy\" decoding=\"async\" width=\"600\" height=\"600\" src=\"https:\/\/rajatlapinkaivoksille.fi\/wp-content\/uploads\/2023\/12\/matti_nojonen.jpg\" class=\"attachment-full size-full wp-image-2126\" alt=\"\" srcset=\"https:\/\/rajatlapinkaivoksille.fi\/wp-content\/uploads\/2023\/12\/matti_nojonen.jpg 600w, https:\/\/rajatlapinkaivoksille.fi\/wp-content\/uploads\/2023\/12\/matti_nojonen-300x300.jpg 300w, https:\/\/rajatlapinkaivoksille.fi\/wp-content\/uploads\/2023\/12\/matti_nojonen-150x150.jpg 150w\" sizes=\"(max-width: 600px) 100vw, 600px\" \/><\/figure><div class=\"elementor-image-box-content\"><h3 class=\"elementor-image-box-title\">Matti Nojonen<\/h3><p class=\"elementor-image-box-description\">Rajat Lapin kaivoksille yhdistyksen perustaja. Yhdistyksen ensimm\u00e4inen puheenjohtaja. Professori, Lapin Yliopisto, Tervola.<\/p><\/div><\/div>\t\t\t\t<\/div>\n\t\t\t\t<\/div>\n\t\t\t\t\t<\/div>\n\t\t<\/div>\n\t\t\t\t\t<\/div>\n\t\t<\/section>\n\t\t\t\t<section class=\"elementor-section elementor-top-section elementor-element elementor-element-04c9248 elementor-section-boxed elementor-section-height-default elementor-section-height-default\" data-id=\"04c9248\" data-element_type=\"section\" data-e-type=\"section\">\n\t\t\t\t\t\t<div class=\"elementor-container elementor-column-gap-default\">\n\t\t\t\t\t<div class=\"elementor-column elementor-col-50 elementor-top-column elementor-element elementor-element-a21a109\" data-id=\"a21a109\" data-element_type=\"column\" data-e-type=\"column\">\n\t\t\t<div class=\"elementor-widget-wrap elementor-element-populated\">\n\t\t\t\t\t\t<div class=\"elementor-element elementor-element-4eacd62 e-transform elementor-position-top elementor-widget elementor-widget-image-box\" data-id=\"4eacd62\" data-element_type=\"widget\" data-e-type=\"widget\" data-settings=\"{&quot;_transform_translateX_effect&quot;:{&quot;unit&quot;:&quot;px&quot;,&quot;size&quot;:&quot;&quot;,&quot;sizes&quot;:[]},&quot;_transform_translateX_effect_tablet&quot;:{&quot;unit&quot;:&quot;px&quot;,&quot;size&quot;:&quot;&quot;,&quot;sizes&quot;:[]},&quot;_transform_translateX_effect_mobile&quot;:{&quot;unit&quot;:&quot;px&quot;,&quot;size&quot;:&quot;&quot;,&quot;sizes&quot;:[]},&quot;_transform_translateY_effect&quot;:{&quot;unit&quot;:&quot;px&quot;,&quot;size&quot;:&quot;&quot;,&quot;sizes&quot;:[]},&quot;_transform_translateY_effect_tablet&quot;:{&quot;unit&quot;:&quot;px&quot;,&quot;size&quot;:&quot;&quot;,&quot;sizes&quot;:[]},&quot;_transform_translateY_effect_mobile&quot;:{&quot;unit&quot;:&quot;px&quot;,&quot;size&quot;:&quot;&quot;,&quot;sizes&quot;:[]}}\" data-widget_type=\"image-box.default\">\n\t\t\t\t<div class=\"elementor-widget-container\">\n\t\t\t\t\t<div class=\"elementor-image-box-wrapper\"><figure class=\"elementor-image-box-img\"><img loading=\"lazy\" decoding=\"async\" width=\"600\" height=\"600\" src=\"https:\/\/rajatlapinkaivoksille.fi\/wp-content\/uploads\/2023\/12\/jouko_sirkkala.jpg\" class=\"attachment-full size-full wp-image-2120\" alt=\"\" srcset=\"https:\/\/rajatlapinkaivoksille.fi\/wp-content\/uploads\/2023\/12\/jouko_sirkkala.jpg 600w, https:\/\/rajatlapinkaivoksille.fi\/wp-content\/uploads\/2023\/12\/jouko_sirkkala-300x300.jpg 300w, https:\/\/rajatlapinkaivoksille.fi\/wp-content\/uploads\/2023\/12\/jouko_sirkkala-150x150.jpg 150w\" sizes=\"(max-width: 600px) 100vw, 600px\" \/><\/figure><div class=\"elementor-image-box-content\"><h3 class=\"elementor-image-box-title\">Jouko Sirkkala<\/h3><p class=\"elementor-image-box-description\">Yhdistyksen j\u00e4sen. Kalastaja, Miekoj\u00e4rvi ja Oulu<\/p><\/div><\/div>\t\t\t\t<\/div>\n\t\t\t\t<\/div>\n\t\t\t\t\t<\/div>\n\t\t<\/div>\n\t\t\t\t<div class=\"elementor-column elementor-col-50 elementor-top-column elementor-element elementor-element-6d7ec7b\" data-id=\"6d7ec7b\" data-element_type=\"column\" data-e-type=\"column\">\n\t\t\t<div class=\"elementor-widget-wrap\">\n\t\t\t\t\t\t\t<\/div>\n\t\t<\/div>\n\t\t\t\t\t<\/div>\n\t\t<\/section>\n\t\t\t\t<section class=\"elementor-section elementor-top-section elementor-element elementor-element-2583549 elementor-section-boxed elementor-section-height-default elementor-section-height-default\" data-id=\"2583549\" data-element_type=\"section\" data-e-type=\"section\">\n\t\t\t\t\t\t<div class=\"elementor-container elementor-column-gap-default\">\n\t\t\t\t\t<div class=\"elementor-column elementor-col-100 elementor-top-column elementor-element elementor-element-a30a840\" data-id=\"a30a840\" data-element_type=\"column\" data-e-type=\"column\">\n\t\t\t<div class=\"elementor-widget-wrap elementor-element-populated\">\n\t\t\t\t\t\t<div class=\"elementor-element elementor-element-08557dd elementor-widget elementor-widget-spacer\" data-id=\"08557dd\" data-element_type=\"widget\" data-e-type=\"widget\" data-widget_type=\"spacer.default\">\n\t\t\t\t<div class=\"elementor-widget-container\">\n\t\t\t\t\t\t\t<div class=\"elementor-spacer\">\n\t\t\t<div class=\"elementor-spacer-inner\"><\/div>\n\t\t<\/div>\n\t\t\t\t\t\t<\/div>\n\t\t\t\t<\/div>\n\t\t\t\t\t<\/div>\n\t\t<\/div>\n\t\t\t\t\t<\/div>\n\t\t<\/section>\n\t\t\t\t<\/div>\n\t\t","protected":false},"excerpt":{"rendered":"<p>YHDISTYKSEN J\u00c4SENI\u00c4 Vesa Puuronen Puheenjohtaja, sosiologian professori. Vanttauskoski. Rovaniemi S\u00e4hk\u00f6posti: vesa.puuronen@oulu.fi, puh. +358 50 3203434 Erkki L\u00f6f Hallituksen j\u00e4sen, rahastonhoitaja. Rakennusmestari, Tervola.S\u00e4hk\u00f6posti: erkkilof58@gmail.com, puh. 358 40 591 8690 Tarja richard Hallituksen j\u00e4sen. FT, Marseille, Ranska Juhani Maijala Hallituksen j\u00e4sen. Poromies, yritt\u00e4j\u00e4, Oraniemen paliskunta, Sodankyl\u00e4 Minna N\u00e4kk\u00e4l\u00e4j\u00e4rvi Yhdistyksen j\u00e4sen. Ei kaivoksia Suomen K\u00e4sivarteen -liike, Enonteki\u00f6 Matti [&hellip;]<\/p>\n","protected":false},"author":7,"featured_media":0,"parent":0,"menu_order":0,"comment_status":"closed","ping_status":"closed","template":"elementor_header_footer","meta":{"footnotes":""},"class_list":["post-2105","page","type-page","status-publish","hentry"],"_links":{"self":[{"href":"https:\/\/rajatlapinkaivoksille.fi\/index.php\/wp-json\/wp\/v2\/pages\/2105","targetHints":{"allow":["GET"]}}],"collection":[{"href":"https:\/\/rajatlapinkaivoksille.fi\/index.php\/wp-json\/wp\/v2\/pages"}],"about":[{"href":"https:\/\/rajatlapinkaivoksille.fi\/index.php\/wp-json\/wp\/v2\/types\/page"}],"author":[{"embeddable":true,"href":"https:\/\/rajatlapinkaivoksille.fi\/index.php\/wp-json\/wp\/v2\/users\/7"}],"replies":[{"embeddable":true,"href":"https:\/\/rajatlapinkaivoksille.fi\/index.php\/wp-json\/wp\/v2\/comments?post=2105"}],"version-history":[{"count":67,"href":"https:\/\/rajatlapinkaivoksille.fi\/index.php\/wp-json\/wp\/v2\/pages\/2105\/revisions"}],"predecessor-version":[{"id":2519,"href":"https:\/\/rajatlapinkaivoksille.fi\/index.php\/wp-json\/wp\/v2\/pages\/2105\/revisions\/2519"}],"wp:attachment":[{"href":"https:\/\/rajatlapinkaivoksille.fi\/index.php\/wp-json\/wp\/v2\/media?parent=2105"}],"curies":[{"name":"wp","href":"https:\/\/api.w.org\/{rel}","templated":true}]}}