{"id":2059,"date":"2023-12-17T06:05:08","date_gmt":"2023-12-17T04:05:08","guid":{"rendered":"https:\/\/rajatlapinkaivoksille.fi\/?page_id=2059"},"modified":"2026-04-14T10:25:23","modified_gmt":"2026-04-14T07:25:23","slug":"tapahtumat","status":"publish","type":"page","link":"https:\/\/rajatlapinkaivoksille.fi\/index.php\/tapahtumat\/","title":{"rendered":"Tapahtumat"},"content":{"rendered":"\t\t<div data-elementor-type=\"wp-page\" data-elementor-id=\"2059\" class=\"elementor elementor-2059\" data-elementor-post-type=\"page\">\n\t\t\t\t\t\t<section class=\"elementor-section elementor-top-section elementor-element elementor-element-8ea3de7 elementor-section-boxed elementor-section-height-default elementor-section-height-default\" data-id=\"8ea3de7\" data-element_type=\"section\" data-e-type=\"section\">\n\t\t\t\t\t\t<div class=\"elementor-container elementor-column-gap-default\">\n\t\t\t\t\t<div class=\"elementor-column elementor-col-100 elementor-top-column elementor-element elementor-element-3cd7a8c\" data-id=\"3cd7a8c\" data-element_type=\"column\" data-e-type=\"column\">\n\t\t\t<div class=\"elementor-widget-wrap elementor-element-populated\">\n\t\t\t\t\t\t<div class=\"elementor-element elementor-element-d8b99cd elementor-widget elementor-widget-heading\" data-id=\"d8b99cd\" data-element_type=\"widget\" data-e-type=\"widget\" data-widget_type=\"heading.default\">\n\t\t\t\t<div class=\"elementor-widget-container\">\n\t\t\t\t\t<h2 class=\"elementor-heading-title elementor-size-default\">TULEVAT JA MENNEET TAPAHTUMAT<\/h2>\t\t\t\t<\/div>\n\t\t\t\t<\/div>\n\t\t\t\t\t<\/div>\n\t\t<\/div>\n\t\t\t\t\t<\/div>\n\t\t<\/section>\n\t\t\t\t<section class=\"elementor-section elementor-top-section elementor-element elementor-element-f4e3f7d elementor-section-boxed elementor-section-height-default elementor-section-height-default\" data-id=\"f4e3f7d\" data-element_type=\"section\" data-e-type=\"section\">\n\t\t\t\t\t\t<div class=\"elementor-container elementor-column-gap-default\">\n\t\t\t\t\t<div class=\"elementor-column elementor-col-100 elementor-top-column elementor-element elementor-element-ab06f80\" data-id=\"ab06f80\" data-element_type=\"column\" data-e-type=\"column\">\n\t\t\t<div class=\"elementor-widget-wrap elementor-element-populated\">\n\t\t\t\t\t\t<div class=\"elementor-element elementor-element-b7b6749 elementor-widget elementor-widget-text-editor\" data-id=\"b7b6749\" data-element_type=\"widget\" data-e-type=\"widget\" data-widget_type=\"text-editor.default\">\n\t\t\t\t<div class=\"elementor-widget-container\">\n\t\t\t\t\t\t\t\t\t<p>N\u00e4ill\u00e4 sivulla on tietoa Rajat Lapin kaivoksille ry:n ja muiden kaivoskriittisten yhdistysten ja toimijoiden viimeaikaista ja tulevista tapahtumista.<\/p>\t\t\t\t\t\t\t\t<\/div>\n\t\t\t\t<\/div>\n\t\t\t\t\t<\/div>\n\t\t<\/div>\n\t\t\t\t\t<\/div>\n\t\t<\/section>\n\t\t\t\t<section class=\"elementor-section elementor-top-section elementor-element elementor-element-029751d elementor-section-boxed elementor-section-height-default elementor-section-height-default\" data-id=\"029751d\" data-element_type=\"section\" data-e-type=\"section\">\n\t\t\t\t\t\t<div class=\"elementor-container elementor-column-gap-default\">\n\t\t\t\t\t<div class=\"elementor-column elementor-col-100 elementor-top-column elementor-element elementor-element-603b55c\" data-id=\"603b55c\" data-element_type=\"column\" data-e-type=\"column\">\n\t\t\t<div class=\"elementor-widget-wrap elementor-element-populated\">\n\t\t\t\t\t\t<div class=\"elementor-element elementor-element-69e2019 elementor-widget elementor-widget-image\" data-id=\"69e2019\" data-element_type=\"widget\" data-e-type=\"widget\" data-widget_type=\"image.default\">\n\t\t\t\t<div class=\"elementor-widget-container\">\n\t\t\t\t\t\t\t\t\t\t\t\t\t\t\t<img fetchpriority=\"high\" decoding=\"async\" width=\"526\" height=\"789\" src=\"https:\/\/rajatlapinkaivoksille.fi\/wp-content\/uploads\/2026\/04\/Muurola-2105-2026.jpg\" class=\"attachment-large size-large wp-image-2741\" alt=\"\" srcset=\"https:\/\/rajatlapinkaivoksille.fi\/wp-content\/uploads\/2026\/04\/Muurola-2105-2026.jpg 526w, https:\/\/rajatlapinkaivoksille.fi\/wp-content\/uploads\/2026\/04\/Muurola-2105-2026-200x300.jpg 200w\" sizes=\"(max-width: 526px) 100vw, 526px\" \/>\t\t\t\t\t\t\t\t\t\t\t\t\t\t\t<\/div>\n\t\t\t\t<\/div>\n\t\t\t\t<div class=\"elementor-element elementor-element-7f3b86a elementor-widget elementor-widget-text-editor\" data-id=\"7f3b86a\" data-element_type=\"widget\" data-e-type=\"widget\" data-widget_type=\"text-editor.default\">\n\t\t\t\t<div class=\"elementor-widget-container\">\n\t\t\t\t\t\t\t\t\t<p><span style=\"font-size: 18px;\"><em><span style=\"text-decoration: underline;\"><strong>Tulevia <\/strong><\/span><\/em><\/span><\/p><p><strong>Rajapalot &#8211; Kansallispuisto vai kaivos?<\/strong><\/p><p>Keskustelutilaisuus Muurolan koulun auditoriossa 21.5. 2025 klo 1800-2000. J\u00e4rjestet\u00e4\u00e4n yhdess\u00e4 Muurolan kyl\u00e4yhdistyksen kanssa.<\/p><p><span style=\"font-size: 32px;\"><strong>MAAMME RIKKAUDET 2026, KEMISS\u00c4 18.-19. 2026,\u00a0<\/strong><\/span><\/p><p><span style=\"font-size: 32px;\"><strong>KEMIN KULTTUURIKESKUS<\/strong><\/span><\/p><p>MARINA TAKALON KATU 3<\/p><p>Kaivoskriittisten yhdistysten ja toimijoiden valtakunnallinen seminaari, keskustelu- ja verkostoitumistapahtuma. Tapahtuman j\u00e4rjest\u00e4v\u00e4t Rajat Lapin kaivoksille ry, Saimaa ilman kaivoksia ry, Me\u00e4n Kaira ry ja Suomen luonnonsuojeluliiton Lapin piirij\u00e4rjest\u00f6 ry.<\/p><p><a href=\"https:\/\/rajatlapinkaivoksille.fi\/index.php\/maamme-rikkaudet-2026-alustava-ohjelma\/\"><em><strong><span style=\"font-size: 20px;\">TAPAHTUMAN ALUSTAVA OHJELMA<\/span><\/strong><\/em><\/a><\/p><p><span style=\"font-size: 18px;\"><strong><span style=\"text-decoration: underline;\"><em>Menneit\u00e4<\/em><\/span><\/strong><\/span><\/p><p><span style=\"font-size: 1rem;\">Rajat Lapin kaivoksille ry:n\u00a0 j\u00e4sentapaamisen antia lokakuun alusta 2025 l\u00f6ytyy\u00a0<\/span><em><strong><a style=\"font-size: 1rem; background-color: #ffffff;\" href=\"https:\/\/rajatlapinkaivoksille.fi\/index.php\/2025\/10\/07\/jasentapaamisen-4-5-2025-leirikarissa-satoa\/\" target=\"_blank\" rel=\"noopener\">t\u00e4\u00e4lt\u00e4<\/a>.<\/strong><\/em><\/p><p>Kaivoskriittisten yhdistysten vuoden p\u00e4\u00e4tapahtuma oli 3.\u00a0<a href=\"https:\/\/maammerikkaudet.org\/\" target=\"_blank\" rel=\"noopener\">Maamme rikkaudet<\/a>\u00a0&#8211; valtakunnallinen seminaari ja keskustelutilaisuus Outkummussa 19. -20. 9. 2025.<\/p><p>Seminaarin j\u00e4rjestiv\u00e4t yhteisty\u00f6ss\u00e4 Rajat lapin kaivoksille ry,\u00a0<a href=\"https:\/\/saimaailmankaivoksia.fi\/\" target=\"_blank\" rel=\"noopener\">Saimaa ilman kaivoksia ry\u00a0<\/a>ja\u00a0<a href=\"https:\/\/www.sll.fi\/pohjois-karjala\/\" target=\"_blank\" rel=\"noopener\">Suomen luonnonsuojeluliiton Pohjois-Karjalan piirij\u00e4rjest\u00f6<\/a>\u00a0sek\u00e4 O<a style=\"background-color: #ffffff; font-size: 1rem;\" href=\"https:\/\/www.sll.fi\/outokumpu\/\" target=\"_blank\" rel=\"noopener\">utokummun luonnonyst\u00e4v\u00e4t ry.<\/a><\/p><p>Seminaarin <strong><em><a href=\"https:\/\/www.youtube.com\/watch?v=O4-8MP_Zx9A\">esitelmi\u00e4<\/a> <\/em><\/strong>sek\u00e4 keskusteluja l\u00f6ytyy <a href=\"https:\/\/www.youtube.com\/watch?v=LgUfBmLipx4\">Youtubesta<\/a>.\u00a0<\/p><p>Vuoden 2024 Maamme rikkaudet tapahtuma j\u00e4rjestettiin <em><strong><a href=\"https:\/\/maammerikkaudet.org\/maamme-rikkaudet-2023\/\">Savonlinnassa 22-24.9. 2023.\u00a0<\/a><\/strong><\/em><\/p><p>Rovaniemell\u00e4 2.-3.9.\u00a0 vuonna 2022 j\u00e4rjestettyjen ensimm\u00e4isten\u00a0<a href=\"https:\/\/maammerikkaudet.org\/maamme-rikkaudet-2022\/\" target=\"_blank\" rel=\"noopener\">Maamme rikkaudet<\/a>\u00a0kaivosp\u00e4ivien esitelmi\u00e4 l\u00f6ytyy\u00a0<em><strong><a style=\"background-color: #ffffff; font-size: 1rem;\" href=\"https:\/\/www.youtube.com\/watch?v=vPwsx7-TY6Y\" target=\"_blank\" rel=\"noopener\">t\u00e4\u00e4lt\u00e4.<\/a><\/strong><\/em><\/p><p>\u00a0<\/p>\t\t\t\t\t\t\t\t<\/div>\n\t\t\t\t<\/div>\n\t\t\t\t\t<\/div>\n\t\t<\/div>\n\t\t\t\t\t<\/div>\n\t\t<\/section>\n\t\t\t\t<\/div>\n\t\t","protected":false},"excerpt":{"rendered":"<p>TULEVAT JA MENNEET TAPAHTUMAT N\u00e4ill\u00e4 sivulla on tietoa Rajat Lapin kaivoksille ry:n ja muiden kaivoskriittisten yhdistysten ja toimijoiden viimeaikaista ja tulevista tapahtumista. Tulevia Rajapalot &#8211; Kansallispuisto vai kaivos? Keskustelutilaisuus Muurolan koulun auditoriossa 21.5. 2025 klo 1800-2000. J\u00e4rjestet\u00e4\u00e4n yhdess\u00e4 Muurolan kyl\u00e4yhdistyksen kanssa. MAAMME RIKKAUDET 2026, KEMISS\u00c4 18.-19. 2026,\u00a0 KEMIN KULTTUURIKESKUS MARINA TAKALON KATU 3 Kaivoskriittisten yhdistysten [&hellip;]<\/p>\n","protected":false},"author":7,"featured_media":0,"parent":0,"menu_order":0,"comment_status":"closed","ping_status":"closed","template":"elementor_header_footer","meta":{"footnotes":""},"class_list":["post-2059","page","type-page","status-publish","hentry"],"_links":{"self":[{"href":"https:\/\/rajatlapinkaivoksille.fi\/index.php\/wp-json\/wp\/v2\/pages\/2059","targetHints":{"allow":["GET"]}}],"collection":[{"href":"https:\/\/rajatlapinkaivoksille.fi\/index.php\/wp-json\/wp\/v2\/pages"}],"about":[{"href":"https:\/\/rajatlapinkaivoksille.fi\/index.php\/wp-json\/wp\/v2\/types\/page"}],"author":[{"embeddable":true,"href":"https:\/\/rajatlapinkaivoksille.fi\/index.php\/wp-json\/wp\/v2\/users\/7"}],"replies":[{"embeddable":true,"href":"https:\/\/rajatlapinkaivoksille.fi\/index.php\/wp-json\/wp\/v2\/comments?post=2059"}],"version-history":[{"count":40,"href":"https:\/\/rajatlapinkaivoksille.fi\/index.php\/wp-json\/wp\/v2\/pages\/2059\/revisions"}],"predecessor-version":[{"id":2744,"href":"https:\/\/rajatlapinkaivoksille.fi\/index.php\/wp-json\/wp\/v2\/pages\/2059\/revisions\/2744"}],"wp:attachment":[{"href":"https:\/\/rajatlapinkaivoksille.fi\/index.php\/wp-json\/wp\/v2\/media?parent=2059"}],"curies":[{"name":"wp","href":"https:\/\/api.w.org\/{rel}","templated":true}]}}