{"id":2050,"date":"2023-12-17T05:52:12","date_gmt":"2023-12-17T03:52:12","guid":{"rendered":"https:\/\/rajatlapinkaivoksille.fi\/?page_id=2050"},"modified":"2026-04-29T10:57:44","modified_gmt":"2026-04-29T07:57:44","slug":"tue-toimintaamme","status":"publish","type":"page","link":"https:\/\/rajatlapinkaivoksille.fi\/index.php\/tue-toimintaamme\/","title":{"rendered":"Tue toimintaamme"},"content":{"rendered":"<h2><img fetchpriority=\"high\" decoding=\"async\" class=\"aligncenter wp-image-1917 size-medium\" src=\"https:\/\/rajatlapinkaivoksille.fi\/wp-content\/uploads\/2023\/12\/logo6-294x300.png\" alt=\"\" width=\"294\" height=\"300\" srcset=\"https:\/\/rajatlapinkaivoksille.fi\/wp-content\/uploads\/2023\/12\/logo6-294x300.png 294w, https:\/\/rajatlapinkaivoksille.fi\/wp-content\/uploads\/2023\/12\/logo6.png 600w\" sizes=\"(max-width: 294px) 100vw, 294px\" \/><\/h2>\n<h2 style=\"text-align: center;\">TUE TOIMINTAAMME<\/h2>\n<p style=\"text-align: center;\">Rajat Lapin kaivoksille ry on saanut Poliisihallitukselta rahanker\u00e4ysluvan. Luvan numero on\u00a0 RA\/2026\/341.\u00a0 Ker\u00e4tyt varat k\u00e4ytet\u00e4\u00e4n yhdistyksen toiminnan rahoittamiseen. Voit lahjoittaa suoraan tili\/pankkisiirrolla<\/p>\n<p style=\"text-align: center;\"><strong>Ker\u00e4ystilin numero on: FI63 5741 4020 1827 83, viitenumero 1009<\/strong><\/p>\n<p style=\"text-align: center;\">tai my\u00f6s mobilepayll\u00e4:<\/p>\n<p><img decoding=\"async\" class=\"aligncenter wp-image-2818 size-medium\" src=\"https:\/\/rajatlapinkaivoksille.fi\/wp-content\/uploads\/2026\/04\/mobilepay-QR-koodi-nro-300x170.jpg\" alt=\"\" width=\"300\" height=\"170\" srcset=\"https:\/\/rajatlapinkaivoksille.fi\/wp-content\/uploads\/2026\/04\/mobilepay-QR-koodi-nro-300x170.jpg 300w, https:\/\/rajatlapinkaivoksille.fi\/wp-content\/uploads\/2026\/04\/mobilepay-QR-koodi-nro-1024x579.jpg 1024w, https:\/\/rajatlapinkaivoksille.fi\/wp-content\/uploads\/2026\/04\/mobilepay-QR-koodi-nro-768x434.jpg 768w, https:\/\/rajatlapinkaivoksille.fi\/wp-content\/uploads\/2026\/04\/mobilepay-QR-koodi-nro.jpg 1393w\" sizes=\"(max-width: 300px) 100vw, 300px\" \/> <img decoding=\"async\" class=\"aligncenter wp-image-2819 size-medium\" src=\"https:\/\/rajatlapinkaivoksille.fi\/wp-content\/uploads\/2026\/04\/Mobilepay-qrkuva-300x224.jpg\" alt=\"\" width=\"300\" height=\"224\" srcset=\"https:\/\/rajatlapinkaivoksille.fi\/wp-content\/uploads\/2026\/04\/Mobilepay-qrkuva-300x224.jpg 300w, https:\/\/rajatlapinkaivoksille.fi\/wp-content\/uploads\/2026\/04\/Mobilepay-qrkuva-1024x766.jpg 1024w, https:\/\/rajatlapinkaivoksille.fi\/wp-content\/uploads\/2026\/04\/Mobilepay-qrkuva-768x574.jpg 768w, https:\/\/rajatlapinkaivoksille.fi\/wp-content\/uploads\/2026\/04\/Mobilepay-qrkuva.jpg 1149w\" sizes=\"(max-width: 300px) 100vw, 300px\" \/><\/p>\n<p>&nbsp;<\/p>\n<p style=\"text-align: center;\">Rajat Lapin kaivoksille ry toiminnan p\u00e4\u00e4tarkoitus\u00a0 on Lapin ja muun Suomen luonnon suojeleminen est\u00e4m\u00e4ll\u00e4 tai v\u00e4hent\u00e4m\u00e4ll\u00e4 kaivostoiminnan haitallisia ymp\u00e4rist\u00f6vaikutuksia.\u00a0 T\u00e4ss\u00e4 tarkoituksessa RLK:<\/p>\n<ul>\n<li>edist\u00e4\u00e4 oikeusturvan toteutumista koko Suomen, erityisesti Pohjois-Suomen alueella tarvittaessa muutoksenhakumenettelyll\u00e4 (valitusmenettely)<br \/>\nvarausilmoituksista, malminetsint\u00e4- ja kaivosluvista.<\/li>\n<li>j\u00e4rjest\u00e4\u00e4 tapahtumia, seminaareja, kursseja ja tiedotustilaisuuksia.<\/li>\n<li>laatii mielipiteit\u00e4, lausuntoja, muistutuksia, kannanottoja, aloitteita ja valituksia lupa- ja ymp\u00e4rist\u00f6kysymyksiss\u00e4 sek\u00e4 liittyen lains\u00e4\u00e4d\u00e4nt\u00f6\u00f6n, sopimuksiin ja mineraalipolitiikkaan kansallisissa, kansainv\u00e4lisiss\u00e4 ja EU yhteyksiss\u00e4.<\/li>\n<li>tekee valituksia eri oikeusasteisiin varauslupien, malminetsinn\u00e4n, kaivostoiminnan tai kaivostoiminnan suunnittelun laadun parantamiseksi tai est\u00e4miseksi kokonaan. Yhdistys tarkistuttaa asiantuntijoilla kaivosyhti\u00f6iden YVA-raporttien paikkansapit\u00e4vyytt\u00e4.<\/li>\n<li>valistaa suunniteltujen kaivosten vaikutusalueella asuvia ihmisi\u00e4 kaivostoiminnan lyhyt- ja pitk\u00e4aikaisia haittoja koskevista tutkimustuloksista ja toteuttaa kansalaistoimintaa, viestint\u00e4\u00e4 ja vaikuttamista sek\u00e4 tiedottaa kaivostoimintaan liittyvist\u00e4 hankkeista.<\/li>\n<li>toimii yhteisty\u00f6ss\u00e4 henkil\u00f6iden, j\u00e4rjest\u00f6jen, tutkijoiden ja tutkimuslaitosten ja viranomaisten kanssa Suomessa ja ulkomailla yhdistyksen tavoitteiden edist\u00e4miseksi laajasti.<\/li>\n<li>hankkii tietoa ja tekee selvityksi\u00e4 sek\u00e4 tietopyynt\u00f6j\u00e4 viranomaisille. Yhdistys kampanjoi, tiedottaa ja kouluttaa sek\u00e4 yll\u00e4pit\u00e4\u00e4 sosiaalisen median kanavia ja Rajat Lapin kaivoksille ry.-Facebook-ryhm\u00e4\u00e4. Yhdistys julkaisee kannanottoja, tietoa, tiedotteita, painotuotteita ja j\u00e4rjest\u00e4\u00e4 mielenilmaisuja.<\/li>\n<li>tuottaa ja levitt\u00e4\u00e4 aiheeseen liittyv\u00e4\u00e4 audiovisuaalista materiaalia ja osallistuu kaivosyhti\u00f6iden j\u00e4rjest\u00e4miin tiedotustilaisuuksiin. Yhdistys osallistuu julkiseen keskusteluun ja seminaareihin, jotka liittyv\u00e4t kaivosalaan ja edell\u00e4 mainittuihin teemoihin.<\/li>\n<\/ul>\n<p style=\"text-align: center;\"><span style=\"font-size: 20px;\"><strong>Auta meit\u00e4 suojelemaan Lapin luontoa!<\/strong><\/span><\/p>\n<p style=\"text-align: center;\"><strong>Lahjoita luonnon puolesta!<\/strong><\/p>\n<p style=\"text-align: center;\"><strong><img loading=\"lazy\" decoding=\"async\" class=\"aligncenter wp-image-2539 size-large\" src=\"https:\/\/rajatlapinkaivoksille.fi\/wp-content\/uploads\/2025\/08\/louejoki-2-1024x768.jpg\" alt=\"\" width=\"800\" height=\"600\" srcset=\"https:\/\/rajatlapinkaivoksille.fi\/wp-content\/uploads\/2025\/08\/louejoki-2-1024x768.jpg 1024w, https:\/\/rajatlapinkaivoksille.fi\/wp-content\/uploads\/2025\/08\/louejoki-2-300x225.jpg 300w, https:\/\/rajatlapinkaivoksille.fi\/wp-content\/uploads\/2025\/08\/louejoki-2-768x576.jpg 768w, https:\/\/rajatlapinkaivoksille.fi\/wp-content\/uploads\/2025\/08\/louejoki-2-1536x1152.jpg 1536w, https:\/\/rajatlapinkaivoksille.fi\/wp-content\/uploads\/2025\/08\/louejoki-2-2048x1536.jpg 2048w\" sizes=\"(max-width: 800px) 100vw, 800px\" \/><\/strong><\/p>\n<p style=\"text-align: center;\">Lapin arktinen luonto on ainutlaatuinen \u2013 vedet, mets\u00e4t, suot ja maisemat ovat korvaamattomia. Mutta nyt Lapin luonto on uhattuna. Kaivosyhti\u00f6iden kiinnostus Lapin maaper\u00e4\u00e4n on lis\u00e4\u00e4ntynyt. Uusia malminetsint\u00e4lupia haetaan ja kaivoshankkeita suunnitellaan jatkuvasti, usein piittaamatta paikallisista ihmisist\u00e4 ja elinkeinoista luonnosta.<\/p>\n<p style=\"text-align: center;\"><img loading=\"lazy\" decoding=\"async\" class=\"alignnone wp-image-2513 size-medium\" src=\"https:\/\/rajatlapinkaivoksille.fi\/wp-content\/uploads\/2025\/08\/vaara2-200x300.jpg\" alt=\"\" width=\"200\" height=\"300\" srcset=\"https:\/\/rajatlapinkaivoksille.fi\/wp-content\/uploads\/2025\/08\/vaara2-200x300.jpg 200w, https:\/\/rajatlapinkaivoksille.fi\/wp-content\/uploads\/2025\/08\/vaara2-683x1024.jpg 683w, https:\/\/rajatlapinkaivoksille.fi\/wp-content\/uploads\/2025\/08\/vaara2-768x1152.jpg 768w, https:\/\/rajatlapinkaivoksille.fi\/wp-content\/uploads\/2025\/08\/vaara2-1024x1536.jpg 1024w, https:\/\/rajatlapinkaivoksille.fi\/wp-content\/uploads\/2025\/08\/vaara2.jpg 1089w\" sizes=\"(max-width: 200px) 100vw, 200px\" \/><\/p>\n<p style=\"text-align: center;\">Rajat Lapin kaivoksille ry on riippumaton kansalaisj\u00e4rjest\u00f6, joka toimii Lapin puhtaiden vesien, ilman ja maaper\u00e4n puolesta. Vastustamme haitallista kaivostoimintaa ja puolustamme elinkelpoista tulevaisuutta seuraaville sukupolville.<\/p>\n<p style=\"text-align: center;\"><strong>Mihin lahjoitukset k\u00e4ytet\u00e4\u00e4n?<\/strong><\/p>\n<p style=\"text-align: center;\">Jokainen euro k\u00e4ytet\u00e4\u00e4n suoraan luonnonsuojeluty\u00f6h\u00f6n: n\u00e4ytteiden ottoon ja analysoimiseen. asiantuntija-avun hankkimiseen, tilaisuuksien j\u00e4rjest\u00e4miseen, kampanjamateriaaleihin, tiedotukseen ja oikeudenk\u00e4yntikuluihin.<\/p>\n<p style=\"text-align: center;\">Ty\u00f6mme perustuu vapaaehtoisuuteen. Toiminnassa suuria, usein kansainv\u00e4lisi\u00e4 suuryhti\u00f6it\u00e4 vastaan tarvitsemme taloudellista tukea.<\/p>\n<p style=\"text-align: center;\">T<em>oimi nyt ennen kuin on liian my\u00f6h\u00e4ist\u00e4. Lahjoita t\u00e4n\u00e4\u00e4n.<\/em><\/p>\n<p style=\"text-align: center;\"><em>Taistelemme Suomen, erityisesti Lapin luonnon ja puhtaiden vesien puolesta, emme voi tehd\u00e4 sit\u00e4 ilman sinua. Olemme t\u00e4ysin riippuvaisia sinun kaltaistesi, luonnon s\u00e4ilymisest\u00e4 huolestuneiden ihmisten tuesta!<\/em><\/p>\n<p style=\"text-align: center;\"><span style=\"font-size: 20px;\"><strong>Lahjoita \u2013 anna luonnolle tulevaisuus!<\/strong><\/span><\/p>\n<p style=\"text-align: center;\"><strong>Ker\u00e4ystilin numero on: FI63 5741 4020 1827 83, v<\/strong><strong>iesti: Lahjoitus<\/strong><\/p>\n<p style=\"text-align: center;\">Ota yhteytt\u00e4: Rajat Lapin kaivoksille ry: <a href=\"mailto:info@rajatlapinkaivoksille.fi\">info@rajatlapinkaivoksille.fi<\/a><\/p>\n","protected":false},"excerpt":{"rendered":"<p>TUE TOIMINTAAMME Rajat Lapin kaivoksille ry on saanut Poliisihallitukselta rahanker\u00e4ysluvan. Luvan numero on\u00a0 RA\/2026\/341.\u00a0 Ker\u00e4tyt varat k\u00e4ytet\u00e4\u00e4n yhdistyksen toiminnan rahoittamiseen. Voit lahjoittaa suoraan tili\/pankkisiirrolla Ker\u00e4ystilin numero on: FI63 5741 4020 1827 83, viitenumero 1009 tai my\u00f6s mobilepayll\u00e4: &nbsp; Rajat Lapin kaivoksille ry toiminnan p\u00e4\u00e4tarkoitus\u00a0 on Lapin ja muun Suomen luonnon suojeleminen est\u00e4m\u00e4ll\u00e4 tai v\u00e4hent\u00e4m\u00e4ll\u00e4 kaivostoiminnan [&hellip;]<\/p>\n","protected":false},"author":7,"featured_media":0,"parent":0,"menu_order":0,"comment_status":"closed","ping_status":"closed","template":"","meta":{"footnotes":""},"class_list":["post-2050","page","type-page","status-publish","hentry"],"_links":{"self":[{"href":"https:\/\/rajatlapinkaivoksille.fi\/index.php\/wp-json\/wp\/v2\/pages\/2050","targetHints":{"allow":["GET"]}}],"collection":[{"href":"https:\/\/rajatlapinkaivoksille.fi\/index.php\/wp-json\/wp\/v2\/pages"}],"about":[{"href":"https:\/\/rajatlapinkaivoksille.fi\/index.php\/wp-json\/wp\/v2\/types\/page"}],"author":[{"embeddable":true,"href":"https:\/\/rajatlapinkaivoksille.fi\/index.php\/wp-json\/wp\/v2\/users\/7"}],"replies":[{"embeddable":true,"href":"https:\/\/rajatlapinkaivoksille.fi\/index.php\/wp-json\/wp\/v2\/comments?post=2050"}],"version-history":[{"count":21,"href":"https:\/\/rajatlapinkaivoksille.fi\/index.php\/wp-json\/wp\/v2\/pages\/2050\/revisions"}],"predecessor-version":[{"id":2825,"href":"https:\/\/rajatlapinkaivoksille.fi\/index.php\/wp-json\/wp\/v2\/pages\/2050\/revisions\/2825"}],"wp:attachment":[{"href":"https:\/\/rajatlapinkaivoksille.fi\/index.php\/wp-json\/wp\/v2\/media?parent=2050"}],"curies":[{"name":"wp","href":"https:\/\/api.w.org\/{rel}","templated":true}]}}