{"id":1997,"date":"2023-12-16T21:25:08","date_gmt":"2023-12-16T19:25:08","guid":{"rendered":"https:\/\/rajatlapinkaivoksille.fi\/?page_id=1997"},"modified":"2024-03-05T19:27:48","modified_gmt":"2024-03-05T17:27:48","slug":"linkit","status":"publish","type":"page","link":"https:\/\/rajatlapinkaivoksille.fi\/index.php\/linkit\/","title":{"rendered":"Linkit"},"content":{"rendered":"\t\t<div data-elementor-type=\"wp-page\" data-elementor-id=\"1997\" class=\"elementor elementor-1997\" data-elementor-post-type=\"page\">\n\t\t\t\t\t\t<section class=\"elementor-section elementor-top-section elementor-element elementor-element-efd28b2 elementor-section-boxed elementor-section-height-default elementor-section-height-default\" data-id=\"efd28b2\" data-element_type=\"section\" data-e-type=\"section\">\n\t\t\t\t\t\t<div class=\"elementor-container elementor-column-gap-default\">\n\t\t\t\t\t<div class=\"elementor-column elementor-col-100 elementor-top-column elementor-element elementor-element-d0c0de7\" data-id=\"d0c0de7\" data-element_type=\"column\" data-e-type=\"column\">\n\t\t\t<div class=\"elementor-widget-wrap elementor-element-populated\">\n\t\t\t\t\t\t<div class=\"elementor-element elementor-element-7aebb88 elementor-widget elementor-widget-heading\" data-id=\"7aebb88\" data-element_type=\"widget\" data-e-type=\"widget\" data-widget_type=\"heading.default\">\n\t\t\t\t<div class=\"elementor-widget-container\">\n\t\t\t\t\t<h2 class=\"elementor-heading-title elementor-size-default\">LINKIT<\/h2>\t\t\t\t<\/div>\n\t\t\t\t<\/div>\n\t\t\t\t\t<\/div>\n\t\t<\/div>\n\t\t\t\t\t<\/div>\n\t\t<\/section>\n\t\t\t\t<section class=\"elementor-section elementor-top-section elementor-element elementor-element-4a5d7b7 elementor-section-boxed elementor-section-height-default elementor-section-height-default\" data-id=\"4a5d7b7\" data-element_type=\"section\" data-e-type=\"section\">\n\t\t\t\t\t\t<div class=\"elementor-container elementor-column-gap-default\">\n\t\t\t\t\t<div class=\"elementor-column elementor-col-50 elementor-top-column elementor-element elementor-element-4f6bfa6\" data-id=\"4f6bfa6\" data-element_type=\"column\" data-e-type=\"column\">\n\t\t\t<div class=\"elementor-widget-wrap elementor-element-populated\">\n\t\t\t\t\t\t<div class=\"elementor-element elementor-element-bfdf741 elementor-widget elementor-widget-text-editor\" data-id=\"bfdf741\" data-element_type=\"widget\" data-e-type=\"widget\" data-widget_type=\"text-editor.default\">\n\t\t\t\t<div class=\"elementor-widget-container\">\n\t\t\t\t\t\t\t\t\t<p><strong>\u00a0J<\/strong><b>\u00e4rjest\u00f6j\u00e4 &#8211; kaivostietoa<\/b><\/p><p>Ajankohtaista tietoa kaivostoiminnasta<\/p><p><a href=\"https:\/\/www.kaivosinfo.fi\/\">https:\/\/www.kaivosinfo.fi\/<\/a><\/p><p>Kaivosten ymp\u00e4rist\u00f6ongelmia Suomessa<\/p><p><a href=\"https:\/\/kaivostutkijat.blogaaja.fi\/\">https:\/\/kaivostutkijat.blogaaja.fi\/<\/a><\/p><p>Kaivoskriittisi\u00e4 kansalaisj\u00e4rjest\u00f6j\u00e4 ja liikkeit\u00e4<\/p><p>Kansalaisten kaivosvaltuuskunta \u2013 MiningWatch Finland ry<\/p><p><a href=\"https:\/\/kaivosvaltuuskunta.fi\/\">https:\/\/kaivosvaltuuskunta.fi\/<\/a><\/p><p><a href=\"https:\/\/www.facebook.com\/Kaivosvaltuuskunta\/\">https:\/\/www.facebook.com\/Kaivosvaltuuskunta\/<\/a><\/p><p>Kaivosvahdit<\/p><p><a href=\"https:\/\/www.facebook.com\/groups\/kaivosvahtiryhma\">https:\/\/www.facebook.com\/groups\/kaivosvahtiryhma<\/a><\/p><p>Saimaa ilman kaivoksia<\/p><p><a href=\"https:\/\/saimaailmankaivoksia.fi\/\">https:\/\/saimaailmankaivoksia.fi\/<\/a><\/p><p>Kaivoskriittinen kansalaisliike<\/p><p><a href=\"https:\/\/www.facebook.com\/profile.php?id=61551918822501\">https:\/\/www.facebook.com\/profile.php?id=61551918822501<\/a><\/p><p>Pro Yll\u00e4s \u2013 Yll\u00e4s ilman Hannukaisen kaivosta<\/p><p><a href=\"https:\/\/proyllas.fi\/wp\/\">https:\/\/proyllas.fi\/wp\/<\/a><\/p><p>Kaivoslaki NYT<\/p><p><a href=\"https:\/\/www.facebook.com\/kaivoslakiNYT\/\">https:\/\/www.facebook.com\/kaivoslakiNYT\/<\/a><\/p><p><span lang=\"EN-GB\">Pro Hein\u00e4vesi<\/span><\/p><p><a href=\"https:\/\/proheinavesi.weebly.com\/\"><span lang=\"EN-GB\">https:\/\/proheinavesi.weebly.com\/<\/span><\/a><\/p><p><span lang=\"EN-GB\">\u00a0<\/span><span style=\"font-size: 1rem;\">Pro Kuusamo<\/span><\/p><p><a href=\"https:\/\/prokuusamo.fi\/yhdistys\/\"><span lang=\"EN-GB\">https:\/\/prokuusamo.fi\/yhdistys\/<\/span><\/a><\/p><p><span lang=\"EN-GB\">\u00a0<\/span><span style=\"font-size: 1rem;\">Viiankiaapa<\/span><\/p><p><a href=\"https:\/\/www.facebook.com\/Viiankiaapa\"><span lang=\"EN-GB\">https:\/\/www.facebook.com\/Viiankiaapa<\/span><\/a><\/p><p><span lang=\"EN-GB\">\u00a0<\/span><span style=\"font-size: 1rem;\">Ei Kaivosta Kaapelinkulmalle<\/span><\/p><p><a href=\"https:\/\/www.facebook.com\/EiKaivostaKaapelinkulmalle\">https:\/\/www.facebook.com\/EiKaivostaKaapelinkulmalle<\/a><\/p><p><span lang=\"EN-GB\">Stop Talvivaara<\/span><\/p><p><a href=\"https:\/\/www.facebook.com\/STOP.Talvivaara\/\"><span lang=\"EN-GB\">https:\/\/www.facebook.com\/STOP.Talvivaara\/<\/span><\/a><\/p><p><span lang=\"EN-GB\">\u00a0<\/span><span style=\"font-size: 1rem;\">Suomen Luonnonsuojeluliitto<\/span><\/p><p><a href=\"https:\/\/www.sll.fi\/mita-me-teemme\/kaivokset\/\">https:\/\/www.sll.fi\/mita-me-teemme\/kaivokset\/<\/a><\/p><p>Ei kaivoksia Suomen K\u00e4sivarteen<\/p><p><a href=\"https:\/\/www.facebook.com\/EiKaivoksille\/\">https:\/\/www.facebook.com\/EiKaivoksille\/<\/a><\/p><p>Koli ilman kaivoksia<\/p><p><a href=\"https:\/\/www.facebook.com\/groups\/kolivaraus\">https:\/\/www.facebook.com\/groups\/kolivaraus<\/a><\/p><p>Ei kaivosta Kiiminkijoen vesist\u00f6alueelle \u2013 Pro Kiiminkijoki<\/p><p><a href=\"https:\/\/www.facebook.com\/groups\/959802201471832\">https:\/\/www.facebook.com\/groups\/959802201471832<\/a><\/p><p>Ei kaivosta Pyh\u00e4-Luoston alueelle<\/p><p><a href=\"https:\/\/www.facebook.com\/groups\/453230496969948\">https:\/\/www.facebook.com\/groups\/453230496969948<\/a><\/p><p>Ei kaivoksia Kuusamoon, Posiolle ja Sallaan<\/p><p><a href=\"https:\/\/www.facebook.com\/groups\/eiuraanikultakaivoksiakuusamoon\">https:\/\/www.facebook.com\/groups\/eiuraanikultakaivoksiakuusamoon<\/a><\/p><p><span lang=\"EN-GB\">Stop Talvivaara Vesist\u00f6jen puolesta For the lakes and rivers<\/span><\/p><p><a href=\"https:\/\/www.facebook.com\/groups\/127351006017341\/user\/100064424150573\/\"><span lang=\"EN-GB\">https:\/\/www.facebook.com\/groups\/127351006017341\/user\/100064424150573\/<\/span><\/a><\/p><p><span style=\"font-size: 1rem;\">EI uraanikaivosta Rovaniemelle\/Ylitorniolle<\/span><\/p><p><a href=\"https:\/\/www.facebook.com\/groups\/58940993922\">https:\/\/www.facebook.com\/groups\/58940993922<\/a><\/p><p><span lang=\"EN-GB\">Lapin kaivosfoorumi &#8211; Lapplands gruvforum &#8211; Mining Forum of Lapland<\/span><\/p><p><a href=\"https:\/\/www.facebook.com\/groups\/69728304136\"><span lang=\"EN-GB\">https:\/\/www.facebook.com\/groups\/69728304136<\/span><\/a><\/p><p>Akkumateriaalit ja It\u00e4meri<\/p><p><a href=\"https:\/\/www.facebook.com\/share\/y2wSrFjytWHieFNs\/?mibextid=K35XfP\">https:\/\/www.facebook.com\/share\/y2wSrFjytWHieFNs\/?mibextid=K35XfP<\/a><\/p>\t\t\t\t\t\t\t\t<\/div>\n\t\t\t\t<\/div>\n\t\t\t\t\t<\/div>\n\t\t<\/div>\n\t\t\t\t<div class=\"elementor-column elementor-col-50 elementor-top-column elementor-element elementor-element-45b4d6a\" data-id=\"45b4d6a\" data-element_type=\"column\" data-e-type=\"column\">\n\t\t\t<div class=\"elementor-widget-wrap elementor-element-populated\">\n\t\t\t\t\t\t<div class=\"elementor-element elementor-element-9fb91e6 elementor-widget elementor-widget-text-editor\" data-id=\"9fb91e6\" data-element_type=\"widget\" data-e-type=\"widget\" data-widget_type=\"text-editor.default\">\n\t\t\t\t<div class=\"elementor-widget-container\">\n\t\t\t\t\t\t\t\t\t<p><strong>V<\/strong><b>iranomaisten (AVI, TUKES, LUKE, ELY,GTK) sivuja<\/b><\/p><p class=\"MsoNormal\">Kaivoskarttarekisterin karttapalvelu<\/p><p class=\"MsoNormal\"><a href=\"https:\/\/gtkdata.gtk.fi\/kaivosrekisteri\/\">https:\/\/gtkdata.gtk.fi\/kaivosrekisteri\/<\/a><\/p><p class=\"MsoNormal\">Vesi- ja ymp\u00e4rist\u00f6lupien tietopalvelu<\/p><p class=\"MsoNormal\"><a href=\"https:\/\/ylupa.avi.fi\/fi-FI\">https:\/\/ylupa.avi.fi\/fi-FI<\/a><\/p><p class=\"MsoNormal\">Pohjavesialueet<\/p><p class=\"MsoNormal\"><a href=\"https:\/\/ckan.ymparisto.fi\/dataset\/pohjavesialueet\">https:\/\/ckan.ymparisto.fi\/dataset\/pohjavesialueet<\/a><\/p><p class=\"MsoNormal\">Ymp\u00e4rist\u00f6vaikutusten arviointi eli YVA<\/p><p class=\"MsoNormal\"><a href=\"https:\/\/www.ymparisto.fi\/fi\/osallistu-ja-vaikuta\/ymparistovaikutusten-arviointi\">https:\/\/www.ymparisto.fi\/fi\/osallistu-ja-vaikuta\/ymparistovaikutusten-arviointi<\/a><\/p><p class=\"MsoNormal\">GTK Hakku-palvelu<\/p><p class=\"MsoNormal\">Geologiaan kytkeytyv\u00e4n paikkatiedon, dokumentit ja metatiedot 1800-luvulta nykyhetkeen.<\/p><p class=\"MsoNormal\"><a href=\"https:\/\/hakku.gtk.fi\/\">https:\/\/hakku.gtk.fi\/<\/a><\/p><p class=\"MsoNormal\">TUKES<\/p><p class=\"MsoNormal\">P\u00e4\u00e4t\u00f6kset- ja kuulutukset<\/p><p class=\"MsoNormal\"><a href=\"https:\/\/tukes.fi\/asiointi\/paatokset-ja-kuulutukset\">https:\/\/tukes.fi\/asiointi\/paatokset-ja-kuulutukset<\/a><\/p><p class=\"MsoNormal\">Asiakirjahaku, yleiset- ja yksityiset edut<\/p><p class=\"MsoNormal\"><a href=\"https:\/\/tukes.fi\/paatokset-ja-kuulutukset\/yleiset-ja-yksityiset-edut-kaivostoiminta\">https:\/\/tukes.fi\/paatokset-ja-kuulutukset\/yleiset-ja-yksityiset-edut-kaivostoiminta<\/a><\/p><p class=\"MsoNormal\">LUKE<\/p><p class=\"MsoNormal\">Luonnonvarakeskus<\/p><p class=\"MsoNormal\"><a href=\"https:\/\/www.luke.fi\/fi\">https:\/\/www.luke.fi\/fi<\/a><\/p><p class=\"MsoNormal\">SYKE<\/p><p class=\"MsoNormal\">Avoin tieto<\/p><p class=\"MsoNormal\"><a href=\"https:\/\/www.syke.fi\/fi-FI\/Avoin_tieto\">https:\/\/www.syke.fi\/fi-FI\/Avoin_tieto<\/a><\/p>\t\t\t\t\t\t\t\t<\/div>\n\t\t\t\t<\/div>\n\t\t\t\t\t<\/div>\n\t\t<\/div>\n\t\t\t\t\t<\/div>\n\t\t<\/section>\n\t\t\t\t<\/div>\n\t\t","protected":false},"excerpt":{"rendered":"<p>LINKIT \u00a0J\u00e4rjest\u00f6j\u00e4 &#8211; kaivostietoa Ajankohtaista tietoa kaivostoiminnasta https:\/\/www.kaivosinfo.fi\/ Kaivosten ymp\u00e4rist\u00f6ongelmia Suomessa https:\/\/kaivostutkijat.blogaaja.fi\/ Kaivoskriittisi\u00e4 kansalaisj\u00e4rjest\u00f6j\u00e4 ja liikkeit\u00e4 Kansalaisten kaivosvaltuuskunta \u2013 MiningWatch Finland ry https:\/\/kaivosvaltuuskunta.fi\/ https:\/\/www.facebook.com\/Kaivosvaltuuskunta\/ Kaivosvahdit https:\/\/www.facebook.com\/groups\/kaivosvahtiryhma Saimaa ilman kaivoksia https:\/\/saimaailmankaivoksia.fi\/ Kaivoskriittinen kansalaisliike https:\/\/www.facebook.com\/profile.php?id=61551918822501 Pro Yll\u00e4s \u2013 Yll\u00e4s ilman Hannukaisen kaivosta https:\/\/proyllas.fi\/wp\/ Kaivoslaki NYT https:\/\/www.facebook.com\/kaivoslakiNYT\/ Pro Hein\u00e4vesi https:\/\/proheinavesi.weebly.com\/ \u00a0Pro Kuusamo https:\/\/prokuusamo.fi\/yhdistys\/ \u00a0Viiankiaapa https:\/\/www.facebook.com\/Viiankiaapa \u00a0Ei Kaivosta Kaapelinkulmalle [&hellip;]<\/p>\n","protected":false},"author":7,"featured_media":0,"parent":0,"menu_order":0,"comment_status":"closed","ping_status":"closed","template":"elementor_header_footer","meta":{"footnotes":""},"class_list":["post-1997","page","type-page","status-publish","hentry"],"_links":{"self":[{"href":"https:\/\/rajatlapinkaivoksille.fi\/index.php\/wp-json\/wp\/v2\/pages\/1997","targetHints":{"allow":["GET"]}}],"collection":[{"href":"https:\/\/rajatlapinkaivoksille.fi\/index.php\/wp-json\/wp\/v2\/pages"}],"about":[{"href":"https:\/\/rajatlapinkaivoksille.fi\/index.php\/wp-json\/wp\/v2\/types\/page"}],"author":[{"embeddable":true,"href":"https:\/\/rajatlapinkaivoksille.fi\/index.php\/wp-json\/wp\/v2\/users\/7"}],"replies":[{"embeddable":true,"href":"https:\/\/rajatlapinkaivoksille.fi\/index.php\/wp-json\/wp\/v2\/comments?post=1997"}],"version-history":[{"count":25,"href":"https:\/\/rajatlapinkaivoksille.fi\/index.php\/wp-json\/wp\/v2\/pages\/1997\/revisions"}],"predecessor-version":[{"id":2390,"href":"https:\/\/rajatlapinkaivoksille.fi\/index.php\/wp-json\/wp\/v2\/pages\/1997\/revisions\/2390"}],"wp:attachment":[{"href":"https:\/\/rajatlapinkaivoksille.fi\/index.php\/wp-json\/wp\/v2\/media?parent=1997"}],"curies":[{"name":"wp","href":"https:\/\/api.w.org\/{rel}","templated":true}]}}