{"id":1855,"date":"2023-12-16T14:42:19","date_gmt":"2023-12-16T12:42:19","guid":{"rendered":"https:\/\/rajatlapinkaivoksille.fi\/?page_id=1855"},"modified":"2025-12-10T19:25:22","modified_gmt":"2025-12-10T17:25:22","slug":"tule-jaseneksi","status":"publish","type":"page","link":"https:\/\/rajatlapinkaivoksille.fi\/index.php\/tule-jaseneksi\/","title":{"rendered":"Tule j\u00e4seneksi"},"content":{"rendered":"\t\t<div data-elementor-type=\"wp-page\" data-elementor-id=\"1855\" class=\"elementor elementor-1855\" data-elementor-post-type=\"page\">\n\t\t\t\t\t\t<section class=\"elementor-section elementor-top-section elementor-element elementor-element-fc9e964 elementor-section-height-min-height elementor-section-boxed elementor-section-height-default elementor-section-items-middle\" data-id=\"fc9e964\" data-element_type=\"section\" data-e-type=\"section\" data-settings=\"{&quot;background_background&quot;:&quot;classic&quot;}\">\n\t\t\t\t\t\t<div class=\"elementor-container elementor-column-gap-default\">\n\t\t\t\t\t<div class=\"elementor-column elementor-col-100 elementor-top-column elementor-element elementor-element-5a6e4e2\" data-id=\"5a6e4e2\" data-element_type=\"column\" data-e-type=\"column\">\n\t\t\t<div class=\"elementor-widget-wrap elementor-element-populated\">\n\t\t\t\t\t\t<div class=\"elementor-element elementor-element-f8799ad elementor-widget elementor-widget-heading\" data-id=\"f8799ad\" data-element_type=\"widget\" data-e-type=\"widget\" data-widget_type=\"heading.default\">\n\t\t\t\t<div class=\"elementor-widget-container\">\n\t\t\t\t\t<h2 class=\"elementor-heading-title elementor-size-default\">Tule mukaan puolustamaan Lapin luontoa ja vesist\u00f6j\u00e4!<\/h2>\t\t\t\t<\/div>\n\t\t\t\t<\/div>\n\t\t\t\t\t<\/div>\n\t\t<\/div>\n\t\t\t\t\t<\/div>\n\t\t<\/section>\n\t\t\t\t<section class=\"elementor-section elementor-top-section elementor-element elementor-element-33e7faa elementor-section-boxed elementor-section-height-default elementor-section-height-default\" data-id=\"33e7faa\" data-element_type=\"section\" data-e-type=\"section\">\n\t\t\t\t\t\t<div class=\"elementor-container elementor-column-gap-default\">\n\t\t\t\t\t<div class=\"elementor-column elementor-col-50 elementor-top-column elementor-element elementor-element-bedddbc\" data-id=\"bedddbc\" data-element_type=\"column\" data-e-type=\"column\">\n\t\t\t<div class=\"elementor-widget-wrap elementor-element-populated\">\n\t\t\t\t\t\t<div class=\"elementor-element elementor-element-eede5ed elementor-widget elementor-widget-heading\" data-id=\"eede5ed\" data-element_type=\"widget\" data-e-type=\"widget\" data-widget_type=\"heading.default\">\n\t\t\t\t<div class=\"elementor-widget-container\">\n\t\t\t\t\t<h2 class=\"elementor-heading-title elementor-size-default\">LIITY J\u00c4SENEKSI<\/h2>\t\t\t\t<\/div>\n\t\t\t\t<\/div>\n\t\t\t\t<div class=\"elementor-element elementor-element-969ebb9 elementor-widget elementor-widget-text-editor\" data-id=\"969ebb9\" data-element_type=\"widget\" data-e-type=\"widget\" data-widget_type=\"text-editor.default\">\n\t\t\t\t<div class=\"elementor-widget-container\">\n\t\t\t\t\t\t\t\t\t<p><strong><span style=\"font-family: -apple-system, BlinkMacSystemFont, 'Segoe UI', Roboto, 'Helvetica Neue', Arial, 'Noto Sans', sans-serif, 'Apple Color Emoji', 'Segoe UI Emoji', 'Segoe UI Symbol', 'Noto Color Emoji'; font-size: 1rem;\">J\u00e4seneksi voit hakea s\u00e4hk\u00f6isesti alla olevalla lomakkeella.\u00a0<\/span><\/strong><\/p><p>Jos haluat, voit tulostaa j\u00e4senhakemuksen ja postittaa sen meille. <a href=\"https:\/\/rajatlapinkaivoksille.fi\/wp-content\/uploads\/2023\/12\/jasenhakemus.pdf\">Tulostusversio&gt;&gt;<\/a><\/p><p>Tutustuthan my\u00f6s yhdistyksemme <a href=\"https:\/\/rajatlapinkaivoksille.fi\/wp-content\/uploads\/2023\/12\/rlk_saannot.pdf\">s\u00e4\u00e4nt\u00f6ihin&gt;&gt;<\/a><\/p><p>Uudet j\u00e4senet hyv\u00e4ksyy yhdistyksen hallitus. Lis\u00e4tietoja ja kysymyksi\u00e4: info@rajatlapinkaivoksille.fi<\/p><p>J\u00e4senmaksu 2026 \u2013\u2013 <strong>30 \u20ac<\/strong><br \/>Opiskelija, el\u00e4kel\u00e4inen, ty\u00f6t\u00f6n \u2013\u2013 <strong>20 \u20ac<\/strong><br \/>Ainaisj\u00e4senmaksu \u2013\u2013 <strong>200 \u20ac<\/strong><br \/>Kannattajaj\u00e4senmaksu \u2013\u2013 <strong>henkil\u00f6 20 \u20ac \/ yritys 200 \u20ac<\/strong><\/p><p>J\u00e4senmaksun voit suorittaa yhdistyksen tilille <strong>FI60 5640 0220 5324 98<\/strong> j\u00e4seneksi hyv\u00e4ksymisen j\u00e4lkeen.<\/p><p>Mik\u00e4li tahdot maksaa kannatusj\u00e4senmaksun anonyymisti (nimett\u00f6m\u00e4n\u00e4), niin merkkaa viestikentt\u00e4\u00e4n anonyymi, jolloin nimitietojasi ei rekister\u00f6id\u00e4 yhdistyksen tietoihin.<\/p><p><strong>KIITOS ETT\u00c4 HALUAT MUKAAN TOIMINNTAAMME!<\/strong><\/p>\t\t\t\t\t\t\t\t<\/div>\n\t\t\t\t<\/div>\n\t\t\t\t\t<\/div>\n\t\t<\/div>\n\t\t\t\t<div class=\"elementor-column elementor-col-50 elementor-top-column elementor-element elementor-element-79bebea\" data-id=\"79bebea\" data-element_type=\"column\" data-e-type=\"column\">\n\t\t\t<div class=\"elementor-widget-wrap elementor-element-populated\">\n\t\t\t\t\t\t<div class=\"elementor-element elementor-element-63f760a elementor-widget elementor-widget-image\" data-id=\"63f760a\" data-element_type=\"widget\" data-e-type=\"widget\" data-widget_type=\"image.default\">\n\t\t\t\t<div class=\"elementor-widget-container\">\n\t\t\t\t\t\t\t\t\t\t\t\t\t\t\t\t<a href=\"https:\/\/rajatlapinkaivoksille.fi\/wp-content\/uploads\/2023\/12\/jasenhakemus-1.pdf\">\n\t\t\t\t\t\t\t<img fetchpriority=\"high\" decoding=\"async\" width=\"600\" height=\"180\" src=\"https:\/\/rajatlapinkaivoksille.fi\/wp-content\/uploads\/2023\/12\/link_tulostettava.jpg\" class=\"attachment-large size-large wp-image-2182\" alt=\"\" srcset=\"https:\/\/rajatlapinkaivoksille.fi\/wp-content\/uploads\/2023\/12\/link_tulostettava.jpg 600w, https:\/\/rajatlapinkaivoksille.fi\/wp-content\/uploads\/2023\/12\/link_tulostettava-300x90.jpg 300w\" sizes=\"(max-width: 600px) 100vw, 600px\" \/>\t\t\t\t\t\t\t\t<\/a>\n\t\t\t\t\t\t\t\t\t\t\t\t\t\t\t<\/div>\n\t\t\t\t<\/div>\n\t\t\t\t<div class=\"elementor-element elementor-element-c8b93c1 elementor-widget elementor-widget-image\" data-id=\"c8b93c1\" data-element_type=\"widget\" data-e-type=\"widget\" data-widget_type=\"image.default\">\n\t\t\t\t<div class=\"elementor-widget-container\">\n\t\t\t\t\t\t\t\t\t\t\t\t\t\t\t\t<a href=\"https:\/\/rajatlapinkaivoksille.fi\/wp-content\/uploads\/2023\/12\/rlk_saannot-1.pdf\">\n\t\t\t\t\t\t\t<img decoding=\"async\" width=\"600\" height=\"180\" src=\"https:\/\/rajatlapinkaivoksille.fi\/wp-content\/uploads\/2023\/12\/link_saannot.jpg\" class=\"attachment-large size-large wp-image-2181\" alt=\"\" srcset=\"https:\/\/rajatlapinkaivoksille.fi\/wp-content\/uploads\/2023\/12\/link_saannot.jpg 600w, https:\/\/rajatlapinkaivoksille.fi\/wp-content\/uploads\/2023\/12\/link_saannot-300x90.jpg 300w\" sizes=\"(max-width: 600px) 100vw, 600px\" \/>\t\t\t\t\t\t\t\t<\/a>\n\t\t\t\t\t\t\t\t\t\t\t\t\t\t\t<\/div>\n\t\t\t\t<\/div>\n\t\t\t\t\t<\/div>\n\t\t<\/div>\n\t\t\t\t\t<\/div>\n\t\t<\/section>\n\t\t\t\t<section class=\"elementor-section elementor-top-section elementor-element elementor-element-5b73c1f elementor-section-boxed elementor-section-height-default elementor-section-height-default\" data-id=\"5b73c1f\" data-element_type=\"section\" data-e-type=\"section\">\n\t\t\t\t\t\t<div class=\"elementor-container elementor-column-gap-default\">\n\t\t\t\t\t<div class=\"elementor-column elementor-col-100 elementor-top-column elementor-element elementor-element-4789eb8\" data-id=\"4789eb8\" data-element_type=\"column\" data-e-type=\"column\">\n\t\t\t<div class=\"elementor-widget-wrap elementor-element-populated\">\n\t\t\t\t\t\t<div class=\"elementor-element elementor-element-2f4c5ee elementor-widget elementor-widget-wp-widget-wpforms-widget\" data-id=\"2f4c5ee\" data-element_type=\"widget\" data-e-type=\"widget\" data-widget_type=\"wp-widget-wpforms-widget.default\">\n\t\t\t\t<div class=\"elementor-widget-container\">\n\t\t\t\t\t<div class=\"wpforms-container wpforms-container-full\" id=\"wpforms-1870\"><form id=\"wpforms-form-1870\" class=\"wpforms-validate wpforms-form wpforms-ajax-form\" data-formid=\"1870\" method=\"post\" enctype=\"multipart\/form-data\" action=\"\/index.php\/wp-json\/wp\/v2\/pages\/1855\" data-token=\"558854fbcc0c532ca988e9d41fd18971\" data-token-time=\"1776786462\"><noscript class=\"wpforms-error-noscript\">Please enable JavaScript in your browser to complete this form.<\/noscript><div class=\"wpforms-field-container\"><div id=\"wpforms-1870-field_1-container\" class=\"wpforms-field wpforms-field-name\" data-field-id=\"1\"><label class=\"wpforms-field-label\" for=\"wpforms-1870-field_1\">Nimi <span class=\"wpforms-required-label\">*<\/span><\/label><input type=\"text\" id=\"wpforms-1870-field_1\" class=\"wpforms-field-medium wpforms-field-required\" name=\"wpforms[fields][1]\" required><\/div><div id=\"wpforms-1870-field_2-container\" class=\"wpforms-field wpforms-field-text\" data-field-id=\"2\"><label class=\"wpforms-field-label\" for=\"wpforms-1870-field_2\">Osoite<\/label><input type=\"text\" id=\"wpforms-1870-field_2\" class=\"wpforms-field-medium\" name=\"wpforms[fields][2]\" ><\/div><div id=\"wpforms-1870-field_3-container\" class=\"wpforms-field wpforms-field-number\" data-field-id=\"3\"><label class=\"wpforms-field-label\" for=\"wpforms-1870-field_3\">Puhelin <span class=\"wpforms-required-label\">*<\/span><\/label><input type=\"number\" id=\"wpforms-1870-field_3\" class=\"wpforms-field-small wpforms-field-required\" name=\"wpforms[fields][3]\" step=\"any\" required><\/div><div id=\"wpforms-1870-field_4-container\" class=\"wpforms-field wpforms-field-email\" data-field-id=\"4\"><label class=\"wpforms-field-label\" for=\"wpforms-1870-field_4\">Email <span class=\"wpforms-required-label\">*<\/span><\/label><input type=\"email\" id=\"wpforms-1870-field_4\" class=\"wpforms-field-medium wpforms-field-required\" name=\"wpforms[fields][4]\" spellcheck=\"false\" required><\/div><div id=\"wpforms-1870-field_5-container\" class=\"wpforms-field wpforms-field-number\" data-field-id=\"5\"><label class=\"wpforms-field-label\" for=\"wpforms-1870-field_5\">Syntym\u00e4vuosi<\/label><input type=\"number\" id=\"wpforms-1870-field_5\" class=\"wpforms-field-small\" name=\"wpforms[fields][5]\" step=\"any\" ><\/div><div id=\"wpforms-1870-field_6-container\" class=\"wpforms-field wpforms-field-textarea\" data-field-id=\"6\"><label class=\"wpforms-field-label\" for=\"wpforms-1870-field_6\">1. Mitk\u00e4 kaivoksiin liittyv\u00e4t asiat kiinnostavat sinua?<\/label><textarea id=\"wpforms-1870-field_6\" class=\"wpforms-field-medium\" name=\"wpforms[fields][6]\" ><\/textarea><\/div><div id=\"wpforms-1870-field_8-container\" class=\"wpforms-field wpforms-field-checkbox\" data-field-id=\"8\"><label class=\"wpforms-field-label\">2. Oletko ollut aikaisemmin tekemiss\u00e4 kaivosasioiden kanssa?<\/label><ul id=\"wpforms-1870-field_8\"><li class=\"choice-1 depth-1\"><input type=\"checkbox\" id=\"wpforms-1870-field_8_1\" name=\"wpforms[fields][8][]\" value=\"Kyll\u00e4\"  ><label class=\"wpforms-field-label-inline\" for=\"wpforms-1870-field_8_1\">Kyll\u00e4<\/label><\/li><li class=\"choice-2 depth-1\"><input type=\"checkbox\" id=\"wpforms-1870-field_8_2\" name=\"wpforms[fields][8][]\" value=\"En ole ollut\"  ><label class=\"wpforms-field-label-inline\" for=\"wpforms-1870-field_8_2\">En ole ollut<\/label><\/li><\/ul><\/div><div id=\"wpforms-1870-field_7-container\" class=\"wpforms-field wpforms-field-textarea\" data-field-id=\"7\"><label class=\"wpforms-field-label\" for=\"wpforms-1870-field_7\">Jos olet ollut tekemiss\u00e4 kaivosasioiden kanssa, kerro mill\u00e4 tavalla:<\/label><textarea id=\"wpforms-1870-field_7\" class=\"wpforms-field-medium\" name=\"wpforms[fields][7]\" ><\/textarea><\/div><div id=\"wpforms-1870-field_9-container\" class=\"wpforms-field wpforms-field-checkbox\" data-field-id=\"9\"><label class=\"wpforms-field-label\">3. Miten hyvin tunnet kaivosasioita?<\/label><ul id=\"wpforms-1870-field_9\"><li class=\"choice-1 depth-1\"><input type=\"checkbox\" id=\"wpforms-1870-field_9_1\" name=\"wpforms[fields][9][]\" value=\"Eritt\u00e4in hyvin\"  ><label class=\"wpforms-field-label-inline\" for=\"wpforms-1870-field_9_1\">Eritt\u00e4in hyvin<\/label><\/li><li class=\"choice-2 depth-1\"><input type=\"checkbox\" id=\"wpforms-1870-field_9_2\" name=\"wpforms[fields][9][]\" value=\"Kohtalaisesti\"  ><label class=\"wpforms-field-label-inline\" for=\"wpforms-1870-field_9_2\">Kohtalaisesti<\/label><\/li><li class=\"choice-3 depth-1\"><input type=\"checkbox\" id=\"wpforms-1870-field_9_3\" name=\"wpforms[fields][9][]\" value=\"En yht\u00e4\u00e4n\"  ><label class=\"wpforms-field-label-inline\" for=\"wpforms-1870-field_9_3\">En yht\u00e4\u00e4n<\/label><\/li><\/ul><\/div><div id=\"wpforms-1870-field_10-container\" class=\"wpforms-field wpforms-field-textarea\" data-field-id=\"10\"><label class=\"wpforms-field-label\" for=\"wpforms-1870-field_10\">4. Mitk\u00e4 Lapin kaivoshankkeista koskettavat sinua eniten?<\/label><textarea id=\"wpforms-1870-field_10\" class=\"wpforms-field-medium\" name=\"wpforms[fields][10]\" ><\/textarea><\/div><div id=\"wpforms-1870-field_11-container\" class=\"wpforms-field wpforms-field-textarea\" data-field-id=\"11\"><label class=\"wpforms-field-label\" for=\"wpforms-1870-field_11\">5. Millaista asiantuntemusta tai osaamista sinulla on, mit\u00e4 voisit &quot;antaa&quot; yhdistykselle?<\/label><textarea id=\"wpforms-1870-field_11\" class=\"wpforms-field-medium\" name=\"wpforms[fields][11]\" ><\/textarea><\/div><div id=\"wpforms-1870-field_12-container\" class=\"wpforms-field wpforms-field-textarea\" data-field-id=\"12\"><label class=\"wpforms-field-label\" for=\"wpforms-1870-field_12\">6. Mit\u00e4 toivot \/ odotat yhdistyksen toiminnalta?<\/label><textarea id=\"wpforms-1870-field_12\" class=\"wpforms-field-medium\" name=\"wpforms[fields][12]\" ><\/textarea><\/div><div id=\"wpforms-1870-field_13-container\" class=\"wpforms-field wpforms-field-textarea\" data-field-id=\"13\"><label class=\"wpforms-field-label\" for=\"wpforms-1870-field_13\">7. Mit\u00e4 tai kenen kautta olet saanut tietoa yhdistyksest\u00e4mme?<\/label><textarea id=\"wpforms-1870-field_13\" class=\"wpforms-field-medium\" name=\"wpforms[fields][13]\" ><\/textarea><\/div><div id=\"wpforms-1870-field_14-container\" class=\"wpforms-field wpforms-field-checkbox\" data-field-id=\"14\"><label class=\"wpforms-field-label\">8. Olen perehtynyt yhdistyksen s\u00e4\u00e4nt\u00f6ihin ja hyv\u00e4ksyt ne. <span class=\"wpforms-required-label\">*<\/span><\/label><ul id=\"wpforms-1870-field_14\" class=\"wpforms-field-required\"><li class=\"choice-1 depth-1\"><input type=\"checkbox\" id=\"wpforms-1870-field_14_1\" name=\"wpforms[fields][14][]\" value=\"Kyll\u00e4\" required ><label class=\"wpforms-field-label-inline\" for=\"wpforms-1870-field_14_1\">Kyll\u00e4<\/label><\/li><\/ul><\/div><div id=\"wpforms-1870-field_15-container\" class=\"wpforms-field wpforms-field-checkbox\" data-field-id=\"15\"><label class=\"wpforms-field-label\">9. Suostun siihen, ett\u00e4 j\u00e4senhakemuksen kohta 2. &quot;tiedot kiinnostus kaivosasioita ja yhdistystoimintaa kohtaan&quot; s\u00e4ilytet\u00e4\u00e4n j\u00e4senarkistossa. <span class=\"wpforms-required-label\">*<\/span><\/label><ul id=\"wpforms-1870-field_15\" class=\"wpforms-field-required\"><li class=\"choice-1 depth-1\"><input type=\"checkbox\" id=\"wpforms-1870-field_15_1\" name=\"wpforms[fields][15][]\" value=\"Kyll\u00e4\" required ><label class=\"wpforms-field-label-inline\" for=\"wpforms-1870-field_15_1\">Kyll\u00e4<\/label><\/li><li class=\"choice-4 depth-1\"><input type=\"checkbox\" id=\"wpforms-1870-field_15_4\" name=\"wpforms[fields][15][]\" value=\"En\" required ><label class=\"wpforms-field-label-inline\" for=\"wpforms-1870-field_15_4\">En<\/label><\/li><\/ul><\/div><\/div><!-- .wpforms-field-container --><div class=\"wpforms-submit-container\" ><input type=\"hidden\" name=\"wpforms[id]\" value=\"1870\"><input type=\"hidden\" name=\"page_title\" value=\"\"><input type=\"hidden\" name=\"page_url\" value=\"https:\/\/rajatlapinkaivoksille.fi\/index.php\/wp-json\/wp\/v2\/pages\/1855\"><input type=\"hidden\" name=\"url_referer\" value=\"\"><button type=\"submit\" name=\"wpforms[submit]\" id=\"wpforms-submit-1870\" class=\"wpforms-submit\" data-alt-text=\"L\u00e4hett\u00e4\u00e4...\" data-submit-text=\"L\u00c4HET\u00c4\" aria-live=\"assertive\" value=\"wpforms-submit\">L\u00c4HET\u00c4<\/button><img decoding=\"async\" src=\"https:\/\/rajatlapinkaivoksille.fi\/wp-content\/plugins\/wpforms-lite\/assets\/images\/submit-spin.svg\" class=\"wpforms-submit-spinner\" style=\"display: none;\" width=\"26\" height=\"26\" alt=\"Loading\"><\/div><\/form><\/div>  <!-- .wpforms-container -->\t\t\t\t<\/div>\n\t\t\t\t<\/div>\n\t\t\t\t\t<\/div>\n\t\t<\/div>\n\t\t\t\t\t<\/div>\n\t\t<\/section>\n\t\t\t\t<\/div>\n\t\t","protected":false},"excerpt":{"rendered":"<p>Tule mukaan puolustamaan Lapin luontoa ja vesist\u00f6j\u00e4! LIITY J\u00c4SENEKSI J\u00e4seneksi voit hakea s\u00e4hk\u00f6isesti alla olevalla lomakkeella.\u00a0 Jos haluat, voit tulostaa j\u00e4senhakemuksen ja postittaa sen meille. Tulostusversio&gt;&gt; Tutustuthan my\u00f6s yhdistyksemme s\u00e4\u00e4nt\u00f6ihin&gt;&gt; Uudet j\u00e4senet hyv\u00e4ksyy yhdistyksen hallitus. Lis\u00e4tietoja ja kysymyksi\u00e4: info@rajatlapinkaivoksille.fi J\u00e4senmaksu 2026 \u2013\u2013 30 \u20acOpiskelija, el\u00e4kel\u00e4inen, ty\u00f6t\u00f6n \u2013\u2013 20 \u20acAinaisj\u00e4senmaksu \u2013\u2013 200 \u20acKannattajaj\u00e4senmaksu \u2013\u2013 henkil\u00f6 20 [&hellip;]<\/p>\n","protected":false},"author":7,"featured_media":0,"parent":0,"menu_order":0,"comment_status":"closed","ping_status":"closed","template":"elementor_header_footer","meta":{"footnotes":""},"class_list":["post-1855","page","type-page","status-publish","hentry"],"_links":{"self":[{"href":"https:\/\/rajatlapinkaivoksille.fi\/index.php\/wp-json\/wp\/v2\/pages\/1855","targetHints":{"allow":["GET"]}}],"collection":[{"href":"https:\/\/rajatlapinkaivoksille.fi\/index.php\/wp-json\/wp\/v2\/pages"}],"about":[{"href":"https:\/\/rajatlapinkaivoksille.fi\/index.php\/wp-json\/wp\/v2\/types\/page"}],"author":[{"embeddable":true,"href":"https:\/\/rajatlapinkaivoksille.fi\/index.php\/wp-json\/wp\/v2\/users\/7"}],"replies":[{"embeddable":true,"href":"https:\/\/rajatlapinkaivoksille.fi\/index.php\/wp-json\/wp\/v2\/comments?post=1855"}],"version-history":[{"count":55,"href":"https:\/\/rajatlapinkaivoksille.fi\/index.php\/wp-json\/wp\/v2\/pages\/1855\/revisions"}],"predecessor-version":[{"id":2655,"href":"https:\/\/rajatlapinkaivoksille.fi\/index.php\/wp-json\/wp\/v2\/pages\/1855\/revisions\/2655"}],"wp:attachment":[{"href":"https:\/\/rajatlapinkaivoksille.fi\/index.php\/wp-json\/wp\/v2\/media?parent=1855"}],"curies":[{"name":"wp","href":"https:\/\/api.w.org\/{rel}","templated":true}]}}