{"id":1768,"date":"2023-12-15T09:28:14","date_gmt":"2023-12-15T07:28:14","guid":{"rendered":"https:\/\/rajatlapinkaivoksille.fi\/?page_id=1768"},"modified":"2023-12-21T09:03:11","modified_gmt":"2023-12-21T07:03:11","slug":"yhdistys","status":"publish","type":"page","link":"https:\/\/rajatlapinkaivoksille.fi\/index.php\/yhdistys\/","title":{"rendered":"Yhdistys"},"content":{"rendered":"\t\t<div data-elementor-type=\"wp-page\" data-elementor-id=\"1768\" class=\"elementor elementor-1768\" data-elementor-post-type=\"page\">\n\t\t\t\t\t\t<section class=\"elementor-section elementor-top-section elementor-element elementor-element-5f07000 elementor-section-height-min-height elementor-section-boxed elementor-section-height-default elementor-section-items-middle\" data-id=\"5f07000\" data-element_type=\"section\" data-e-type=\"section\" data-settings=\"{&quot;background_background&quot;:&quot;classic&quot;}\">\n\t\t\t\t\t\t\t<div class=\"elementor-background-overlay\"><\/div>\n\t\t\t\t\t\t\t<div class=\"elementor-container elementor-column-gap-default\">\n\t\t\t\t\t<div class=\"elementor-column elementor-col-100 elementor-top-column elementor-element elementor-element-c989427\" data-id=\"c989427\" data-element_type=\"column\" data-e-type=\"column\">\n\t\t\t<div class=\"elementor-widget-wrap elementor-element-populated\">\n\t\t\t\t\t\t<div class=\"elementor-element elementor-element-c7c7c56 elementor-widget elementor-widget-image\" data-id=\"c7c7c56\" data-element_type=\"widget\" data-e-type=\"widget\" data-widget_type=\"image.default\">\n\t\t\t\t<div class=\"elementor-widget-container\">\n\t\t\t\t\t\t\t\t\t\t\t\t\t\t\t<img decoding=\"async\" width=\"150\" height=\"150\" src=\"https:\/\/rajatlapinkaivoksille.fi\/wp-content\/uploads\/2023\/12\/vlogo6-150x150.png\" class=\"attachment-thumbnail size-thumbnail wp-image-2205\" alt=\"\" srcset=\"https:\/\/rajatlapinkaivoksille.fi\/wp-content\/uploads\/2023\/12\/vlogo6-150x150.png 150w, https:\/\/rajatlapinkaivoksille.fi\/wp-content\/uploads\/2023\/12\/vlogo6-300x300.png 300w, https:\/\/rajatlapinkaivoksille.fi\/wp-content\/uploads\/2023\/12\/vlogo6.png 600w\" sizes=\"(max-width: 150px) 100vw, 150px\" \/>\t\t\t\t\t\t\t\t\t\t\t\t\t\t\t<\/div>\n\t\t\t\t<\/div>\n\t\t\t\t<div class=\"elementor-element elementor-element-08d46eb elementor-widget elementor-widget-heading\" data-id=\"08d46eb\" data-element_type=\"widget\" data-e-type=\"widget\" data-widget_type=\"heading.default\">\n\t\t\t\t<div class=\"elementor-widget-container\">\n\t\t\t\t\t<h2 class=\"elementor-heading-title elementor-size-default\">RAJAT LAPIN KAIVOKSILLE<\/h2>\t\t\t\t<\/div>\n\t\t\t\t<\/div>\n\t\t\t\t<div class=\"elementor-element elementor-element-7a9233e elementor-widget elementor-widget-heading\" data-id=\"7a9233e\" data-element_type=\"widget\" data-e-type=\"widget\" data-widget_type=\"heading.default\">\n\t\t\t\t<div class=\"elementor-widget-container\">\n\t\t\t\t\t<h2 class=\"elementor-heading-title elementor-size-default\">Suomen puhtaan luonnon ja vesist\u00f6jen puolesta.<\/h2>\t\t\t\t<\/div>\n\t\t\t\t<\/div>\n\t\t\t\t\t<\/div>\n\t\t<\/div>\n\t\t\t\t\t<\/div>\n\t\t<\/section>\n\t\t\t\t<section class=\"elementor-section elementor-top-section elementor-element elementor-element-33fba0c elementor-section-boxed elementor-section-height-default elementor-section-height-default\" data-id=\"33fba0c\" data-element_type=\"section\" data-e-type=\"section\">\n\t\t\t\t\t\t<div class=\"elementor-container elementor-column-gap-default\">\n\t\t\t\t\t<div class=\"elementor-column elementor-col-50 elementor-top-column elementor-element elementor-element-048c2e4\" data-id=\"048c2e4\" data-element_type=\"column\" data-e-type=\"column\">\n\t\t\t<div class=\"elementor-widget-wrap elementor-element-populated\">\n\t\t\t\t\t\t<div class=\"elementor-element elementor-element-ead66de elementor-widget elementor-widget-heading\" data-id=\"ead66de\" data-element_type=\"widget\" data-e-type=\"widget\" data-widget_type=\"heading.default\">\n\t\t\t\t<div class=\"elementor-widget-container\">\n\t\t\t\t\t<h2 class=\"elementor-heading-title elementor-size-default\">Rajat Lapin Kaivoksille ry<\/h2>\t\t\t\t<\/div>\n\t\t\t\t<\/div>\n\t\t\t\t<div class=\"elementor-element elementor-element-03cfe1f elementor-widget elementor-widget-text-editor\" data-id=\"03cfe1f\" data-element_type=\"widget\" data-e-type=\"widget\" data-widget_type=\"text-editor.default\">\n\t\t\t\t<div class=\"elementor-widget-container\">\n\t\t\t\t\t\t\t\t\t<p>Yhdistys on poliittisesti sitoutumaton kansalaisj\u00e4rjest\u00f6, jonka toiminta-alueena on koko Suomi. J\u00e4rjest\u00f6 on tarkoitettu kaikille, jotka haluavat j\u00e4tt\u00e4\u00e4 lapsilleen perinn\u00f6ksi puhtaan luonnon. Toimintaamme kannattelee ajatus siit\u00e4, ett\u00e4 vastuu ymp\u00e4rist\u00f6st\u00e4 kuuluu meille kaikille.<\/p><p>Tavoitteenamme on kaivostoiminnan haitallisten ymp\u00e4rist\u00f6vaikutusten est\u00e4minen ja rajoittaminen, ihmisten ja luonnon hyvinvoinnin lis\u00e4\u00e4minen ja luonnon monimuotoisuuden vahvistaminen Pohjois-Suomen alueella.<\/p>\t\t\t\t\t\t\t\t<\/div>\n\t\t\t\t<\/div>\n\t\t\t\t<div class=\"elementor-element elementor-element-6539783 elementor-widget elementor-widget-heading\" data-id=\"6539783\" data-element_type=\"widget\" data-e-type=\"widget\" data-widget_type=\"heading.default\">\n\t\t\t\t<div class=\"elementor-widget-container\">\n\t\t\t\t\t<h2 class=\"elementor-heading-title elementor-size-default\">Puolustamme puhtaita vesist\u00f6j\u00e4 ja luonnon s\u00e4ilymist\u00e4<\/h2>\t\t\t\t<\/div>\n\t\t\t\t<\/div>\n\t\t\t\t<div class=\"elementor-element elementor-element-1c40119 elementor-widget elementor-widget-text-editor\" data-id=\"1c40119\" data-element_type=\"widget\" data-e-type=\"widget\" data-widget_type=\"text-editor.default\">\n\t\t\t\t<div class=\"elementor-widget-container\">\n\t\t\t\t\t\t\t\t\t<p>Lapin puhdas luonto ja vesist\u00f6 on yhteinen kansallisaarteemme, jota vaalimme ja jonka haluamme j\u00e4tt\u00e4\u00e4 tulevien sukupolvien nautittavaksi. Lapissa uhkana on lyhytn\u00e4k\u00f6inen kaivostoiminta, jonka elinkaari on pisimmill\u00e4\u00e4n parisenkymment\u00e4 vuotta. Vesist\u00f6\u00f6n ja maaper\u00e4\u00e4n kertyvien p\u00e4\u00e4st\u00f6jen aiheuttama tuho ulottuu yli sukupolvien ja voi pahimmillaan aiheuttaa korvaamatonta tuhoa elinymp\u00e4rist\u00f6\u00f6mme.<\/p>\t\t\t\t\t\t\t\t<\/div>\n\t\t\t\t<\/div>\n\t\t\t\t<div class=\"elementor-element elementor-element-8aa5486 elementor-widget elementor-widget-heading\" data-id=\"8aa5486\" data-element_type=\"widget\" data-e-type=\"widget\" data-widget_type=\"heading.default\">\n\t\t\t\t<div class=\"elementor-widget-container\">\n\t\t\t\t\t<h2 class=\"elementor-heading-title elementor-size-default\">Voimme tuhota kauniin luontomme vain kerran, mutta sen puolustamiseen voimme osallistua joka p\u00e4iv\u00e4, yhdess\u00e4.<\/h2>\t\t\t\t<\/div>\n\t\t\t\t<\/div>\n\t\t\t\t<div class=\"elementor-element elementor-element-aa0ea42 elementor-widget elementor-widget-text-editor\" data-id=\"aa0ea42\" data-element_type=\"widget\" data-e-type=\"widget\" data-widget_type=\"text-editor.default\">\n\t\t\t\t<div class=\"elementor-widget-container\">\n\t\t\t\t\t\t\t\t\t<p>Yhdistyksemme ei vastusta kaivostoimintaa. Emme kuitenkaan hyv\u00e4ksy, ett\u00e4 kaivokset voivat ilman p\u00e4\u00e4st\u00f6rajoituksia saastuttaa pinta- ja pohjavesi\u00e4mme sek\u00e4 maaper\u00e4\u00e4 levitt\u00e4m\u00e4ll\u00e4 niihin purkuvesien ja r\u00e4j\u00e4ytysp\u00f6lyjen myrkkyj\u00e4, kuten raskasmetalleja, arsenikkia, uraania, asbestia ja ksantaatteja. Kyseisill\u00e4 myrkyill\u00e4 on sek\u00e4 v\u00e4lit\u00f6n ett\u00e4 pitk\u00e4aikainen, vuosikymmenien, jopa satojen vuosien p\u00e4\u00e4h\u00e4n ulottuva tuhoisa vaikutus.<\/p>\t\t\t\t\t\t\t\t<\/div>\n\t\t\t\t<\/div>\n\t\t\t\t\t<\/div>\n\t\t<\/div>\n\t\t\t\t<div class=\"elementor-column elementor-col-50 elementor-top-column elementor-element elementor-element-7ac27ba\" data-id=\"7ac27ba\" data-element_type=\"column\" data-e-type=\"column\">\n\t\t\t<div class=\"elementor-widget-wrap elementor-element-populated\">\n\t\t\t\t\t\t<div class=\"elementor-element elementor-element-3965bd7 elementor-widget elementor-widget-text-editor\" data-id=\"3965bd7\" data-element_type=\"widget\" data-e-type=\"widget\" data-widget_type=\"text-editor.default\">\n\t\t\t\t<div class=\"elementor-widget-container\">\n\t\t\t\t\t\t\t\t\t<p>Kontrolloimattoman kaivostoiminnan seurauksena Yl\u00e4-Lapin herkk\u00e4\u00e4 luontoa ja saamelaisten kotiseutualueita uhkaa perikato. Ymp\u00e4rist\u00f6tuho uhkaa my\u00f6s Suomen suurimpiin kuuluvaa sis\u00e4vesij\u00e4rjestelm\u00e4\u00e4, Kemi-Ounasjokea, Euroopan pisint\u00e4 vapaana virtaavaa jokea, Tornionjokea, ja lopulta ainutlaatuista Per\u00e4meren saaristoa.<\/p>\t\t\t\t\t\t\t\t<\/div>\n\t\t\t\t<\/div>\n\t\t\t\t<div class=\"elementor-element elementor-element-2a6c349 elementor-widget elementor-widget-heading\" data-id=\"2a6c349\" data-element_type=\"widget\" data-e-type=\"widget\" data-widget_type=\"heading.default\">\n\t\t\t\t<div class=\"elementor-widget-container\">\n\t\t\t\t\t<h2 class=\"elementor-heading-title elementor-size-default\">Tarjoamme faktaa ja tutkittua tietoa viranomaisille ja kansalaisille<\/h2>\t\t\t\t<\/div>\n\t\t\t\t<\/div>\n\t\t\t\t<div class=\"elementor-element elementor-element-f752f81 elementor-widget elementor-widget-text-editor\" data-id=\"f752f81\" data-element_type=\"widget\" data-e-type=\"widget\" data-widget_type=\"text-editor.default\">\n\t\t\t\t<div class=\"elementor-widget-container\">\n\t\t\t\t\t\t\t\t\t<p>Tarjoamme paikallisviranomaisille p\u00e4\u00e4st\u00f6ihin ja ymp\u00e4rist\u00f6tuhoihin liittyv\u00e4\u00e4 puolueetonta tutkimustietoa ja teemme kaivosyhti\u00f6iden kaivoslupa- ja hakuprosesseihin asianmukaisia tutkimustietoon perustuvia muistutuksia. Nostamme ihmisten tietoisuuteen kontrolloimattomiin kaivosp\u00e4\u00e4st\u00f6ihin liittyvi\u00e4 peruuttamattomia ongelmia ja tarjoamme kaivosten v\u00e4litt\u00f6m\u00e4ss\u00e4 l\u00e4heisyydess\u00e4 oleville ihmisille ja yrityksille \u00e4\u00e4nen ja keinon vaikuttaa kaivoshankkeisiin muun muassa info- ja keskustelutilaisuuksissa.<\/p><p>Kaivoasiat mietitytt\u00e4v\u00e4t Lapissa monia ja usea meist\u00e4 pohtii t\u00e4\u00e4ll\u00e4 el\u00e4vien lasten ja nuorten tulevaisuutta. Kysymmekin, mink\u00e4laisen Lapin haluamme j\u00e4tt\u00e4\u00e4 tuleville sukupolville. RLK edist\u00e4\u00e4 sellaista Lappia, jossa Yl\u00e4-Lapin herkk\u00e4 luonto, meritaimenten ja lohien kutujoet, lukemattomat purot ja hetteet, rikkaat marja- ja riistamaat pysyv\u00e4t puhtaina. Edist\u00e4mme sellaista Lappia, jossa tulevilla sukupolvilla on mahdollisuus nauttia puhtaasta luonnosta ja kirkkaista vesist\u00f6ist\u00e4 pitk\u00e4\u00e4n meid\u00e4n j\u00e4lkeemme.<\/p>\t\t\t\t\t\t\t\t<\/div>\n\t\t\t\t<\/div>\n\t\t\t\t<div class=\"elementor-element elementor-element-15fc529 elementor-widget elementor-widget-heading\" data-id=\"15fc529\" data-element_type=\"widget\" data-e-type=\"widget\" data-widget_type=\"heading.default\">\n\t\t\t\t<div class=\"elementor-widget-container\">\n\t\t\t\t\t<h2 class=\"elementor-heading-title elementor-size-default\"><a href=\"https:\/\/rajatlapinkaivoksille.fi\/index.php\/tule-jaseneksi\/\">Liity siis joukkoomme!<br>Nyt on aika vaikuttaa.<\/a><\/h2>\t\t\t\t<\/div>\n\t\t\t\t<\/div>\n\t\t\t\t\t<\/div>\n\t\t<\/div>\n\t\t\t\t\t<\/div>\n\t\t<\/section>\n\t\t\t\t<section class=\"elementor-section elementor-top-section elementor-element elementor-element-1cbaca7 elementor-section-boxed elementor-section-height-default elementor-section-height-default\" data-id=\"1cbaca7\" data-element_type=\"section\" data-e-type=\"section\">\n\t\t\t\t\t\t<div class=\"elementor-container elementor-column-gap-default\">\n\t\t\t\t\t<div class=\"elementor-column elementor-col-100 elementor-top-column elementor-element elementor-element-fd04746\" data-id=\"fd04746\" data-element_type=\"column\" data-e-type=\"column\">\n\t\t\t<div class=\"elementor-widget-wrap elementor-element-populated\">\n\t\t\t\t\t\t<div class=\"elementor-element elementor-element-ba35aca elementor-widget-divider--view-line elementor-widget elementor-widget-divider\" data-id=\"ba35aca\" data-element_type=\"widget\" data-e-type=\"widget\" data-widget_type=\"divider.default\">\n\t\t\t\t<div class=\"elementor-widget-container\">\n\t\t\t\t\t\t\t<div class=\"elementor-divider\">\n\t\t\t<span class=\"elementor-divider-separator\">\n\t\t\t\t\t\t<\/span>\n\t\t<\/div>\n\t\t\t\t\t\t<\/div>\n\t\t\t\t<\/div>\n\t\t\t\t\t<\/div>\n\t\t<\/div>\n\t\t\t\t\t<\/div>\n\t\t<\/section>\n\t\t\t\t<section class=\"elementor-section elementor-top-section elementor-element elementor-element-169476d elementor-section-boxed elementor-section-height-default elementor-section-height-default\" data-id=\"169476d\" data-element_type=\"section\" data-e-type=\"section\">\n\t\t\t\t\t\t<div class=\"elementor-container elementor-column-gap-default\">\n\t\t\t\t\t<div class=\"elementor-column elementor-col-33 elementor-top-column elementor-element elementor-element-7eb44a7\" data-id=\"7eb44a7\" data-element_type=\"column\" data-e-type=\"column\">\n\t\t\t<div class=\"elementor-widget-wrap elementor-element-populated\">\n\t\t\t\t\t\t<div class=\"elementor-element elementor-element-ba07d6c elementor-align-center elementor-widget elementor-widget-button\" data-id=\"ba07d6c\" data-element_type=\"widget\" data-e-type=\"widget\" data-widget_type=\"button.default\">\n\t\t\t\t<div class=\"elementor-widget-container\">\n\t\t\t\t\t\t\t\t\t<div class=\"elementor-button-wrapper\">\n\t\t\t\t\t<a class=\"elementor-button elementor-button-link elementor-size-sm elementor-animation-pulse\" href=\"https:\/\/rajatlapinkaivoksille.fi\/index.php\/tule-jaseneksi\/\">\n\t\t\t\t\t\t<span class=\"elementor-button-content-wrapper\">\n\t\t\t\t\t\t\t\t\t<span class=\"elementor-button-text\">Liity j\u00e4seneksi &gt;&gt;<\/span>\n\t\t\t\t\t<\/span>\n\t\t\t\t\t<\/a>\n\t\t\t\t<\/div>\n\t\t\t\t\t\t\t\t<\/div>\n\t\t\t\t<\/div>\n\t\t\t\t\t<\/div>\n\t\t<\/div>\n\t\t\t\t<div class=\"elementor-column elementor-col-33 elementor-top-column elementor-element elementor-element-5785c5b\" data-id=\"5785c5b\" data-element_type=\"column\" data-e-type=\"column\">\n\t\t\t<div class=\"elementor-widget-wrap elementor-element-populated\">\n\t\t\t\t\t\t<div class=\"elementor-element elementor-element-6e82a65 elementor-align-center elementor-widget elementor-widget-button\" data-id=\"6e82a65\" data-element_type=\"widget\" data-e-type=\"widget\" data-widget_type=\"button.default\">\n\t\t\t\t<div class=\"elementor-widget-container\">\n\t\t\t\t\t\t\t\t\t<div class=\"elementor-button-wrapper\">\n\t\t\t\t\t<a class=\"elementor-button elementor-button-link elementor-size-sm elementor-animation-pulse\" href=\"https:\/\/rajatlapinkaivoksille.fi\/index.php\/yhdistyksen-jasenia\/\">\n\t\t\t\t\t\t<span class=\"elementor-button-content-wrapper\">\n\t\t\t\t\t\t\t\t\t<span class=\"elementor-button-text\">Yhdistyksen j\u00e4seni\u00e4 &gt;&gt;<\/span>\n\t\t\t\t\t<\/span>\n\t\t\t\t\t<\/a>\n\t\t\t\t<\/div>\n\t\t\t\t\t\t\t\t<\/div>\n\t\t\t\t<\/div>\n\t\t\t\t\t<\/div>\n\t\t<\/div>\n\t\t\t\t<div class=\"elementor-column elementor-col-33 elementor-top-column elementor-element elementor-element-637e517\" data-id=\"637e517\" data-element_type=\"column\" data-e-type=\"column\">\n\t\t\t<div class=\"elementor-widget-wrap elementor-element-populated\">\n\t\t\t\t\t\t<div class=\"elementor-element elementor-element-74c697a elementor-align-center elementor-widget elementor-widget-button\" data-id=\"74c697a\" data-element_type=\"widget\" data-e-type=\"widget\" data-widget_type=\"button.default\">\n\t\t\t\t<div class=\"elementor-widget-container\">\n\t\t\t\t\t\t\t\t\t<div class=\"elementor-button-wrapper\">\n\t\t\t\t\t<a class=\"elementor-button elementor-button-link elementor-size-sm elementor-animation-pulse\" href=\"https:\/\/rajatlapinkaivoksille.fi\/index.php\/tue-toimintaamme\/\">\n\t\t\t\t\t\t<span class=\"elementor-button-content-wrapper\">\n\t\t\t\t\t\t\t\t\t<span class=\"elementor-button-text\">Tue toimintaame &gt;&gt;<\/span>\n\t\t\t\t\t<\/span>\n\t\t\t\t\t<\/a>\n\t\t\t\t<\/div>\n\t\t\t\t\t\t\t\t<\/div>\n\t\t\t\t<\/div>\n\t\t\t\t\t<\/div>\n\t\t<\/div>\n\t\t\t\t\t<\/div>\n\t\t<\/section>\n\t\t\t\t<section class=\"elementor-section elementor-top-section elementor-element elementor-element-4fb3ebd elementor-section-boxed elementor-section-height-default elementor-section-height-default\" data-id=\"4fb3ebd\" data-element_type=\"section\" data-e-type=\"section\">\n\t\t\t\t\t\t<div class=\"elementor-container elementor-column-gap-default\">\n\t\t\t\t\t<div class=\"elementor-column elementor-col-100 elementor-top-column elementor-element elementor-element-a087a63\" data-id=\"a087a63\" data-element_type=\"column\" data-e-type=\"column\">\n\t\t\t<div class=\"elementor-widget-wrap elementor-element-populated\">\n\t\t\t\t\t\t<div class=\"elementor-element elementor-element-36e5342 elementor-widget elementor-widget-spacer\" data-id=\"36e5342\" data-element_type=\"widget\" data-e-type=\"widget\" data-widget_type=\"spacer.default\">\n\t\t\t\t<div class=\"elementor-widget-container\">\n\t\t\t\t\t\t\t<div class=\"elementor-spacer\">\n\t\t\t<div class=\"elementor-spacer-inner\"><\/div>\n\t\t<\/div>\n\t\t\t\t\t\t<\/div>\n\t\t\t\t<\/div>\n\t\t\t\t\t<\/div>\n\t\t<\/div>\n\t\t\t\t\t<\/div>\n\t\t<\/section>\n\t\t\t\t<\/div>\n\t\t","protected":false},"excerpt":{"rendered":"<p>RAJAT LAPIN KAIVOKSILLE Suomen puhtaan luonnon ja vesist\u00f6jen puolesta. Rajat Lapin Kaivoksille ry Yhdistys on poliittisesti sitoutumaton kansalaisj\u00e4rjest\u00f6, jonka toiminta-alueena on koko Suomi. J\u00e4rjest\u00f6 on tarkoitettu kaikille, jotka haluavat j\u00e4tt\u00e4\u00e4 lapsilleen perinn\u00f6ksi puhtaan luonnon. Toimintaamme kannattelee ajatus siit\u00e4, ett\u00e4 vastuu ymp\u00e4rist\u00f6st\u00e4 kuuluu meille kaikille. Tavoitteenamme on kaivostoiminnan haitallisten ymp\u00e4rist\u00f6vaikutusten est\u00e4minen ja rajoittaminen, ihmisten ja luonnon [&hellip;]<\/p>\n","protected":false},"author":7,"featured_media":0,"parent":0,"menu_order":0,"comment_status":"closed","ping_status":"closed","template":"elementor_header_footer","meta":{"footnotes":""},"class_list":["post-1768","page","type-page","status-publish","hentry"],"_links":{"self":[{"href":"https:\/\/rajatlapinkaivoksille.fi\/index.php\/wp-json\/wp\/v2\/pages\/1768","targetHints":{"allow":["GET"]}}],"collection":[{"href":"https:\/\/rajatlapinkaivoksille.fi\/index.php\/wp-json\/wp\/v2\/pages"}],"about":[{"href":"https:\/\/rajatlapinkaivoksille.fi\/index.php\/wp-json\/wp\/v2\/types\/page"}],"author":[{"embeddable":true,"href":"https:\/\/rajatlapinkaivoksille.fi\/index.php\/wp-json\/wp\/v2\/users\/7"}],"replies":[{"embeddable":true,"href":"https:\/\/rajatlapinkaivoksille.fi\/index.php\/wp-json\/wp\/v2\/comments?post=1768"}],"version-history":[{"count":124,"href":"https:\/\/rajatlapinkaivoksille.fi\/index.php\/wp-json\/wp\/v2\/pages\/1768\/revisions"}],"predecessor-version":[{"id":2300,"href":"https:\/\/rajatlapinkaivoksille.fi\/index.php\/wp-json\/wp\/v2\/pages\/1768\/revisions\/2300"}],"wp:attachment":[{"href":"https:\/\/rajatlapinkaivoksille.fi\/index.php\/wp-json\/wp\/v2\/media?parent=1768"}],"curies":[{"name":"wp","href":"https:\/\/api.w.org\/{rel}","templated":true}]}}